{"id":26,"date":"2024-06-01T12:20:45","date_gmt":"2024-06-01T12:20:45","guid":{"rendered":"https:\/\/meeli.planet.ee\/miastone\/?page_id=26"},"modified":"2024-06-01T13:17:49","modified_gmt":"2024-06-01T13:17:49","slug":"aarekivide-paigaldus","status":"publish","type":"page","link":"https:\/\/meeli.planet.ee\/miastone\/aarekivide-paigaldus\/","title":{"rendered":"\u00c4\u00e4rekivide paigaldus"},"content":{"rendered":"\n<p class=\"has-text-align-center\"><strong>Paigaldame k\u00f5iki turul olemasolevaid \u00e4\u00e4rekive, nii betoonkive kui ka graniitkive.<\/strong><br>Ehitame \u00e4\u00e4rekividest ka treppe ja erinevaid tasapindasid.<\/p>\n\n\n\n<figure class=\"wp-block-gallery has-nested-images columns-default is-cropped wp-block-gallery-1 is-layout-flex wp-block-gallery-is-layout-flex\">\n<figure data-wp-context=\"{&quot;imageId&quot;:&quot;69e00951619e9&quot;}\" data-wp-interactive=\"core\/image\" data-wp-key=\"69e00951619e9\" class=\"wp-block-image size-large lemmony-animation wp-lightbox-container\" style=\"--lemmony-animation-name:lemmonyFadeInUp\"><img loading=\"lazy\" decoding=\"async\" width=\"720\" height=\"960\" data-wp-class--hide=\"state.isContentHidden\" data-wp-class--show=\"state.isContentVisible\" data-wp-init=\"callbacks.setButtonStyles\" data-wp-on--click=\"actions.showLightbox\" data-wp-on--load=\"callbacks.setButtonStyles\" data-wp-on-window--resize=\"callbacks.setButtonStyles\" data-id=\"33\" src=\"https:\/\/meeli.planet.ee\/miastone\/wp-content\/uploads\/2024\/06\/49250880_1103984379789319_3484155776358940672_n-21.jpg\" alt=\"\" class=\"wp-image-33\" srcset=\"https:\/\/meeli.planet.ee\/miastone\/wp-content\/uploads\/2024\/06\/49250880_1103984379789319_3484155776358940672_n-21.jpg 720w, https:\/\/meeli.planet.ee\/miastone\/wp-content\/uploads\/2024\/06\/49250880_1103984379789319_3484155776358940672_n-21-225x300.jpg 225w\" sizes=\"auto, (max-width: 720px) 100vw, 720px\" \/><button\n\t\t\tclass=\"lightbox-trigger\"\n\t\t\ttype=\"button\"\n\t\t\taria-haspopup=\"dialog\"\n\t\t\taria-label=\"Enlarge\"\n\t\t\tdata-wp-init=\"callbacks.initTriggerButton\"\n\t\t\tdata-wp-on--click=\"actions.showLightbox\"\n\t\t\tdata-wp-style--right=\"state.imageButtonRight\"\n\t\t\tdata-wp-style--top=\"state.imageButtonTop\"\n\t\t>\n\t\t\t<svg xmlns=\"http:\/\/www.w3.org\/2000\/svg\" width=\"12\" height=\"12\" fill=\"none\" viewBox=\"0 0 12 12\">\n\t\t\t\t<path fill=\"#fff\" d=\"M2 0a2 2 0 0 0-2 2v2h1.5V2a.5.5 0 0 1 .5-.5h2V0H2Zm2 10.5H2a.5.5 0 0 1-.5-.5V8H0v2a2 2 0 0 0 2 2h2v-1.5ZM8 12v-1.5h2a.5.5 0 0 0 .5-.5V8H12v2a2 2 0 0 1-2 2H8Zm2-12a2 2 0 0 1 2 2v2h-1.5V2a.5.5 0 0 0-.5-.5H8V0h2Z\" \/>\n\t\t\t<\/svg>\n\t\t<\/button><\/figure>\n\n\n\n<figure data-wp-context=\"{&quot;imageId&quot;:&quot;69e00951622bd&quot;}\" data-wp-interactive=\"core\/image\" data-wp-key=\"69e00951622bd\" class=\"wp-block-image size-large lemmony-animation wp-lightbox-container\" style=\"--lemmony-animation-name:lemmonyFadeInUp\"><img loading=\"lazy\" decoding=\"async\" width=\"720\" height=\"960\" data-wp-class--hide=\"state.isContentHidden\" data-wp-class--show=\"state.isContentVisible\" data-wp-init=\"callbacks.setButtonStyles\" data-wp-on--click=\"actions.showLightbox\" data-wp-on--load=\"callbacks.setButtonStyles\" data-wp-on-window--resize=\"callbacks.setButtonStyles\" data-id=\"41\" src=\"https:\/\/meeli.planet.ee\/miastone\/wp-content\/uploads\/2024\/06\/49732809_1103992543121836_7766784241202888704_n-35.jpg\" alt=\"\" class=\"wp-image-41\" srcset=\"https:\/\/meeli.planet.ee\/miastone\/wp-content\/uploads\/2024\/06\/49732809_1103992543121836_7766784241202888704_n-35.jpg 720w, https:\/\/meeli.planet.ee\/miastone\/wp-content\/uploads\/2024\/06\/49732809_1103992543121836_7766784241202888704_n-35-225x300.jpg 225w\" sizes=\"auto, (max-width: 720px) 100vw, 720px\" \/><button\n\t\t\tclass=\"lightbox-trigger\"\n\t\t\ttype=\"button\"\n\t\t\taria-haspopup=\"dialog\"\n\t\t\taria-label=\"Enlarge\"\n\t\t\tdata-wp-init=\"callbacks.initTriggerButton\"\n\t\t\tdata-wp-on--click=\"actions.showLightbox\"\n\t\t\tdata-wp-style--right=\"state.imageButtonRight\"\n\t\t\tdata-wp-style--top=\"state.imageButtonTop\"\n\t\t>\n\t\t\t<svg xmlns=\"http:\/\/www.w3.org\/2000\/svg\" width=\"12\" height=\"12\" fill=\"none\" viewBox=\"0 0 12 12\">\n\t\t\t\t<path fill=\"#fff\" d=\"M2 0a2 2 0 0 0-2 2v2h1.5V2a.5.5 0 0 1 .5-.5h2V0H2Zm2 10.5H2a.5.5 0 0 1-.5-.5V8H0v2a2 2 0 0 0 2 2h2v-1.5ZM8 12v-1.5h2a.5.5 0 0 0 .5-.5V8H12v2a2 2 0 0 1-2 2H8Zm2-12a2 2 0 0 1 2 2v2h-1.5V2a.5.5 0 0 0-.5-.5H8V0h2Z\" \/>\n\t\t\t<\/svg>\n\t\t<\/button><\/figure>\n\n\n\n<figure data-wp-context=\"{&quot;imageId&quot;:&quot;69e0095162724&quot;}\" data-wp-interactive=\"core\/image\" data-wp-key=\"69e0095162724\" class=\"wp-block-image size-large lemmony-animation wp-lightbox-container\" style=\"--lemmony-animation-name:lemmonyFadeInUp\"><img loading=\"lazy\" decoding=\"async\" width=\"720\" height=\"960\" data-wp-class--hide=\"state.isContentHidden\" data-wp-class--show=\"state.isContentVisible\" data-wp-init=\"callbacks.setButtonStyles\" data-wp-on--click=\"actions.showLightbox\" data-wp-on--load=\"callbacks.setButtonStyles\" data-wp-on-window--resize=\"callbacks.setButtonStyles\" data-id=\"43\" src=\"https:\/\/meeli.planet.ee\/miastone\/wp-content\/uploads\/2024\/06\/49745695_1103991896455234_1010263903877201920_n-37.jpg\" alt=\"\" class=\"wp-image-43\" srcset=\"https:\/\/meeli.planet.ee\/miastone\/wp-content\/uploads\/2024\/06\/49745695_1103991896455234_1010263903877201920_n-37.jpg 720w, https:\/\/meeli.planet.ee\/miastone\/wp-content\/uploads\/2024\/06\/49745695_1103991896455234_1010263903877201920_n-37-225x300.jpg 225w\" sizes=\"auto, (max-width: 720px) 100vw, 720px\" \/><button\n\t\t\tclass=\"lightbox-trigger\"\n\t\t\ttype=\"button\"\n\t\t\taria-haspopup=\"dialog\"\n\t\t\taria-label=\"Enlarge\"\n\t\t\tdata-wp-init=\"callbacks.initTriggerButton\"\n\t\t\tdata-wp-on--click=\"actions.showLightbox\"\n\t\t\tdata-wp-style--right=\"state.imageButtonRight\"\n\t\t\tdata-wp-style--top=\"state.imageButtonTop\"\n\t\t>\n\t\t\t<svg xmlns=\"http:\/\/www.w3.org\/2000\/svg\" width=\"12\" height=\"12\" fill=\"none\" viewBox=\"0 0 12 12\">\n\t\t\t\t<path fill=\"#fff\" d=\"M2 0a2 2 0 0 0-2 2v2h1.5V2a.5.5 0 0 1 .5-.5h2V0H2Zm2 10.5H2a.5.5 0 0 1-.5-.5V8H0v2a2 2 0 0 0 2 2h2v-1.5ZM8 12v-1.5h2a.5.5 0 0 0 .5-.5V8H12v2a2 2 0 0 1-2 2H8Zm2-12a2 2 0 0 1 2 2v2h-1.5V2a.5.5 0 0 0-.5-.5H8V0h2Z\" \/>\n\t\t\t<\/svg>\n\t\t<\/button><\/figure>\n\n\n\n<figure data-wp-context=\"{&quot;imageId&quot;:&quot;69e0095162b07&quot;}\" data-wp-interactive=\"core\/image\" data-wp-key=\"69e0095162b07\" class=\"wp-block-image size-large lemmony-animation wp-lightbox-container\" style=\"--lemmony-animation-name:lemmonyFadeInUp\"><img loading=\"lazy\" decoding=\"async\" width=\"720\" height=\"960\" data-wp-class--hide=\"state.isContentHidden\" data-wp-class--show=\"state.isContentVisible\" data-wp-init=\"callbacks.setButtonStyles\" data-wp-on--click=\"actions.showLightbox\" data-wp-on--load=\"callbacks.setButtonStyles\" data-wp-on-window--resize=\"callbacks.setButtonStyles\" data-id=\"48\" src=\"https:\/\/meeli.planet.ee\/miastone\/wp-content\/uploads\/2024\/06\/49776269_1104026579785099_9061739146057351168_n-171.jpg\" alt=\"\" class=\"wp-image-48\" srcset=\"https:\/\/meeli.planet.ee\/miastone\/wp-content\/uploads\/2024\/06\/49776269_1104026579785099_9061739146057351168_n-171.jpg 720w, https:\/\/meeli.planet.ee\/miastone\/wp-content\/uploads\/2024\/06\/49776269_1104026579785099_9061739146057351168_n-171-225x300.jpg 225w\" sizes=\"auto, (max-width: 720px) 100vw, 720px\" \/><button\n\t\t\tclass=\"lightbox-trigger\"\n\t\t\ttype=\"button\"\n\t\t\taria-haspopup=\"dialog\"\n\t\t\taria-label=\"Enlarge\"\n\t\t\tdata-wp-init=\"callbacks.initTriggerButton\"\n\t\t\tdata-wp-on--click=\"actions.showLightbox\"\n\t\t\tdata-wp-style--right=\"state.imageButtonRight\"\n\t\t\tdata-wp-style--top=\"state.imageButtonTop\"\n\t\t>\n\t\t\t<svg xmlns=\"http:\/\/www.w3.org\/2000\/svg\" width=\"12\" height=\"12\" fill=\"none\" viewBox=\"0 0 12 12\">\n\t\t\t\t<path fill=\"#fff\" d=\"M2 0a2 2 0 0 0-2 2v2h1.5V2a.5.5 0 0 1 .5-.5h2V0H2Zm2 10.5H2a.5.5 0 0 1-.5-.5V8H0v2a2 2 0 0 0 2 2h2v-1.5ZM8 12v-1.5h2a.5.5 0 0 0 .5-.5V8H12v2a2 2 0 0 1-2 2H8Zm2-12a2 2 0 0 1 2 2v2h-1.5V2a.5.5 0 0 0-.5-.5H8V0h2Z\" \/>\n\t\t\t<\/svg>\n\t\t<\/button><\/figure>\n\n\n\n<figure data-wp-context=\"{&quot;imageId&quot;:&quot;69e0095162f03&quot;}\" data-wp-interactive=\"core\/image\" data-wp-key=\"69e0095162f03\" class=\"wp-block-image size-large lemmony-animation wp-lightbox-container\" style=\"--lemmony-animation-name:lemmonyFadeInUp\"><img loading=\"lazy\" decoding=\"async\" width=\"562\" height=\"750\" data-wp-class--hide=\"state.isContentHidden\" data-wp-class--show=\"state.isContentVisible\" data-wp-init=\"callbacks.setButtonStyles\" data-wp-on--click=\"actions.showLightbox\" data-wp-on--load=\"callbacks.setButtonStyles\" data-wp-on-window--resize=\"callbacks.setButtonStyles\" data-id=\"62\" src=\"https:\/\/meeli.planet.ee\/miastone\/wp-content\/uploads\/2024\/06\/49896900_1103984336455990_2522875660960006144_n-2-19.jpg\" alt=\"\" class=\"wp-image-62\" srcset=\"https:\/\/meeli.planet.ee\/miastone\/wp-content\/uploads\/2024\/06\/49896900_1103984336455990_2522875660960006144_n-2-19.jpg 562w, https:\/\/meeli.planet.ee\/miastone\/wp-content\/uploads\/2024\/06\/49896900_1103984336455990_2522875660960006144_n-2-19-225x300.jpg 225w\" sizes=\"auto, (max-width: 562px) 100vw, 562px\" \/><button\n\t\t\tclass=\"lightbox-trigger\"\n\t\t\ttype=\"button\"\n\t\t\taria-haspopup=\"dialog\"\n\t\t\taria-label=\"Enlarge\"\n\t\t\tdata-wp-init=\"callbacks.initTriggerButton\"\n\t\t\tdata-wp-on--click=\"actions.showLightbox\"\n\t\t\tdata-wp-style--right=\"state.imageButtonRight\"\n\t\t\tdata-wp-style--top=\"state.imageButtonTop\"\n\t\t>\n\t\t\t<svg xmlns=\"http:\/\/www.w3.org\/2000\/svg\" width=\"12\" height=\"12\" fill=\"none\" viewBox=\"0 0 12 12\">\n\t\t\t\t<path fill=\"#fff\" d=\"M2 0a2 2 0 0 0-2 2v2h1.5V2a.5.5 0 0 1 .5-.5h2V0H2Zm2 10.5H2a.5.5 0 0 1-.5-.5V8H0v2a2 2 0 0 0 2 2h2v-1.5ZM8 12v-1.5h2a.5.5 0 0 0 .5-.5V8H12v2a2 2 0 0 1-2 2H8Zm2-12a2 2 0 0 1 2 2v2h-1.5V2a.5.5 0 0 0-.5-.5H8V0h2Z\" \/>\n\t\t\t<\/svg>\n\t\t<\/button><\/figure>\n\n\n\n<figure data-wp-context=\"{&quot;imageId&quot;:&quot;69e0095163491&quot;}\" data-wp-interactive=\"core\/image\" data-wp-key=\"69e0095163491\" class=\"wp-block-image size-large lemmony-animation wp-lightbox-container\" style=\"--lemmony-animation-name:lemmonyFadeInUp\"><img loading=\"lazy\" decoding=\"async\" width=\"540\" height=\"960\" data-wp-class--hide=\"state.isContentHidden\" data-wp-class--show=\"state.isContentVisible\" data-wp-init=\"callbacks.setButtonStyles\" data-wp-on--click=\"actions.showLightbox\" data-wp-on--load=\"callbacks.setButtonStyles\" data-wp-on-window--resize=\"callbacks.setButtonStyles\" data-id=\"93\" src=\"https:\/\/meeli.planet.ee\/miastone\/wp-content\/uploads\/2024\/06\/50236691_1103991986455225_8762167015407353856_n-43.jpg\" alt=\"\" class=\"wp-image-93\" srcset=\"https:\/\/meeli.planet.ee\/miastone\/wp-content\/uploads\/2024\/06\/50236691_1103991986455225_8762167015407353856_n-43.jpg 540w, https:\/\/meeli.planet.ee\/miastone\/wp-content\/uploads\/2024\/06\/50236691_1103991986455225_8762167015407353856_n-43-169x300.jpg 169w\" sizes=\"auto, (max-width: 540px) 100vw, 540px\" \/><button\n\t\t\tclass=\"lightbox-trigger\"\n\t\t\ttype=\"button\"\n\t\t\taria-haspopup=\"dialog\"\n\t\t\taria-label=\"Enlarge\"\n\t\t\tdata-wp-init=\"callbacks.initTriggerButton\"\n\t\t\tdata-wp-on--click=\"actions.showLightbox\"\n\t\t\tdata-wp-style--right=\"state.imageButtonRight\"\n\t\t\tdata-wp-style--top=\"state.imageButtonTop\"\n\t\t>\n\t\t\t<svg xmlns=\"http:\/\/www.w3.org\/2000\/svg\" width=\"12\" height=\"12\" fill=\"none\" viewBox=\"0 0 12 12\">\n\t\t\t\t<path fill=\"#fff\" d=\"M2 0a2 2 0 0 0-2 2v2h1.5V2a.5.5 0 0 1 .5-.5h2V0H2Zm2 10.5H2a.5.5 0 0 1-.5-.5V8H0v2a2 2 0 0 0 2 2h2v-1.5ZM8 12v-1.5h2a.5.5 0 0 0 .5-.5V8H12v2a2 2 0 0 1-2 2H8Zm2-12a2 2 0 0 1 2 2v2h-1.5V2a.5.5 0 0 0-.5-.5H8V0h2Z\" \/>\n\t\t\t<\/svg>\n\t\t<\/button><\/figure>\n\n\n\n<figure data-wp-context=\"{&quot;imageId&quot;:&quot;69e00951638fc&quot;}\" data-wp-interactive=\"core\/image\" data-wp-key=\"69e00951638fc\" class=\"wp-block-image size-large lemmony-animation wp-lightbox-container\" style=\"--lemmony-animation-name:lemmonyFadeInUp\"><img loading=\"lazy\" decoding=\"async\" width=\"720\" height=\"960\" data-wp-class--hide=\"state.isContentHidden\" data-wp-class--show=\"state.isContentVisible\" data-wp-init=\"callbacks.setButtonStyles\" data-wp-on--click=\"actions.showLightbox\" data-wp-on--load=\"callbacks.setButtonStyles\" data-wp-on-window--resize=\"callbacks.setButtonStyles\" data-id=\"94\" src=\"https:\/\/meeli.planet.ee\/miastone\/wp-content\/uploads\/2024\/06\/50240903_1103992486455175_117428645005361152_n-41.jpg\" alt=\"\" class=\"wp-image-94\" srcset=\"https:\/\/meeli.planet.ee\/miastone\/wp-content\/uploads\/2024\/06\/50240903_1103992486455175_117428645005361152_n-41.jpg 720w, https:\/\/meeli.planet.ee\/miastone\/wp-content\/uploads\/2024\/06\/50240903_1103992486455175_117428645005361152_n-41-225x300.jpg 225w\" sizes=\"auto, (max-width: 720px) 100vw, 720px\" \/><button\n\t\t\tclass=\"lightbox-trigger\"\n\t\t\ttype=\"button\"\n\t\t\taria-haspopup=\"dialog\"\n\t\t\taria-label=\"Enlarge\"\n\t\t\tdata-wp-init=\"callbacks.initTriggerButton\"\n\t\t\tdata-wp-on--click=\"actions.showLightbox\"\n\t\t\tdata-wp-style--right=\"state.imageButtonRight\"\n\t\t\tdata-wp-style--top=\"state.imageButtonTop\"\n\t\t>\n\t\t\t<svg xmlns=\"http:\/\/www.w3.org\/2000\/svg\" width=\"12\" height=\"12\" fill=\"none\" viewBox=\"0 0 12 12\">\n\t\t\t\t<path fill=\"#fff\" d=\"M2 0a2 2 0 0 0-2 2v2h1.5V2a.5.5 0 0 1 .5-.5h2V0H2Zm2 10.5H2a.5.5 0 0 1-.5-.5V8H0v2a2 2 0 0 0 2 2h2v-1.5ZM8 12v-1.5h2a.5.5 0 0 0 .5-.5V8H12v2a2 2 0 0 1-2 2H8Zm2-12a2 2 0 0 1 2 2v2h-1.5V2a.5.5 0 0 0-.5-.5H8V0h2Z\" \/>\n\t\t\t<\/svg>\n\t\t<\/button><\/figure>\n\n\n\n<figure data-wp-context=\"{&quot;imageId&quot;:&quot;69e0095163fbd&quot;}\" data-wp-interactive=\"core\/image\" data-wp-key=\"69e0095163fbd\" class=\"wp-block-image size-large lemmony-animation wp-lightbox-container\" style=\"--lemmony-animation-name:lemmonyFadeInUp\"><img loading=\"lazy\" decoding=\"async\" width=\"720\" height=\"960\" data-wp-class--hide=\"state.isContentHidden\" data-wp-class--show=\"state.isContentVisible\" data-wp-init=\"callbacks.setButtonStyles\" data-wp-on--click=\"actions.showLightbox\" data-wp-on--load=\"callbacks.setButtonStyles\" data-wp-on-window--resize=\"callbacks.setButtonStyles\" data-id=\"107\" src=\"https:\/\/meeli.planet.ee\/miastone\/wp-content\/uploads\/2024\/06\/50451983_1104026563118434_9191521134913257472_n-81.jpg\" alt=\"\" class=\"wp-image-107\" srcset=\"https:\/\/meeli.planet.ee\/miastone\/wp-content\/uploads\/2024\/06\/50451983_1104026563118434_9191521134913257472_n-81.jpg 720w, https:\/\/meeli.planet.ee\/miastone\/wp-content\/uploads\/2024\/06\/50451983_1104026563118434_9191521134913257472_n-81-225x300.jpg 225w\" sizes=\"auto, (max-width: 720px) 100vw, 720px\" \/><button\n\t\t\tclass=\"lightbox-trigger\"\n\t\t\ttype=\"button\"\n\t\t\taria-haspopup=\"dialog\"\n\t\t\taria-label=\"Enlarge\"\n\t\t\tdata-wp-init=\"callbacks.initTriggerButton\"\n\t\t\tdata-wp-on--click=\"actions.showLightbox\"\n\t\t\tdata-wp-style--right=\"state.imageButtonRight\"\n\t\t\tdata-wp-style--top=\"state.imageButtonTop\"\n\t\t>\n\t\t\t<svg xmlns=\"http:\/\/www.w3.org\/2000\/svg\" width=\"12\" height=\"12\" fill=\"none\" viewBox=\"0 0 12 12\">\n\t\t\t\t<path fill=\"#fff\" d=\"M2 0a2 2 0 0 0-2 2v2h1.5V2a.5.5 0 0 1 .5-.5h2V0H2Zm2 10.5H2a.5.5 0 0 1-.5-.5V8H0v2a2 2 0 0 0 2 2h2v-1.5ZM8 12v-1.5h2a.5.5 0 0 0 .5-.5V8H12v2a2 2 0 0 1-2 2H8Zm2-12a2 2 0 0 1 2 2v2h-1.5V2a.5.5 0 0 0-.5-.5H8V0h2Z\" \/>\n\t\t\t<\/svg>\n\t\t<\/button><\/figure>\n\n\n\n<figure data-wp-context=\"{&quot;imageId&quot;:&quot;69e00951642cc&quot;}\" data-wp-interactive=\"core\/image\" data-wp-key=\"69e00951642cc\" class=\"wp-block-image size-large lemmony-animation wp-lightbox-container\" style=\"--lemmony-animation-name:lemmonyFadeInUp\"><img loading=\"lazy\" decoding=\"async\" width=\"960\" height=\"540\" data-wp-class--hide=\"state.isContentHidden\" data-wp-class--show=\"state.isContentVisible\" data-wp-init=\"callbacks.setButtonStyles\" data-wp-on--click=\"actions.showLightbox\" data-wp-on--load=\"callbacks.setButtonStyles\" data-wp-on-window--resize=\"callbacks.setButtonStyles\" data-id=\"104\" src=\"https:\/\/meeli.planet.ee\/miastone\/wp-content\/uploads\/2024\/06\/50416220_1103991733121917_4513747260701409280_n-39.jpg\" alt=\"\" class=\"wp-image-104\" srcset=\"https:\/\/meeli.planet.ee\/miastone\/wp-content\/uploads\/2024\/06\/50416220_1103991733121917_4513747260701409280_n-39.jpg 960w, https:\/\/meeli.planet.ee\/miastone\/wp-content\/uploads\/2024\/06\/50416220_1103991733121917_4513747260701409280_n-39-300x169.jpg 300w, https:\/\/meeli.planet.ee\/miastone\/wp-content\/uploads\/2024\/06\/50416220_1103991733121917_4513747260701409280_n-39-768x432.jpg 768w\" sizes=\"auto, (max-width: 960px) 100vw, 960px\" \/><button\n\t\t\tclass=\"lightbox-trigger\"\n\t\t\ttype=\"button\"\n\t\t\taria-haspopup=\"dialog\"\n\t\t\taria-label=\"Enlarge\"\n\t\t\tdata-wp-init=\"callbacks.initTriggerButton\"\n\t\t\tdata-wp-on--click=\"actions.showLightbox\"\n\t\t\tdata-wp-style--right=\"state.imageButtonRight\"\n\t\t\tdata-wp-style--top=\"state.imageButtonTop\"\n\t\t>\n\t\t\t<svg xmlns=\"http:\/\/www.w3.org\/2000\/svg\" width=\"12\" height=\"12\" fill=\"none\" viewBox=\"0 0 12 12\">\n\t\t\t\t<path fill=\"#fff\" d=\"M2 0a2 2 0 0 0-2 2v2h1.5V2a.5.5 0 0 1 .5-.5h2V0H2Zm2 10.5H2a.5.5 0 0 1-.5-.5V8H0v2a2 2 0 0 0 2 2h2v-1.5ZM8 12v-1.5h2a.5.5 0 0 0 .5-.5V8H12v2a2 2 0 0 1-2 2H8Zm2-12a2 2 0 0 1 2 2v2h-1.5V2a.5.5 0 0 0-.5-.5H8V0h2Z\" \/>\n\t\t\t<\/svg>\n\t\t<\/button><\/figure>\n\n\n\n<figure data-wp-context=\"{&quot;imageId&quot;:&quot;69e0095164943&quot;}\" data-wp-interactive=\"core\/image\" data-wp-key=\"69e0095164943\" class=\"wp-block-image size-large lemmony-animation wp-lightbox-container\" style=\"--lemmony-animation-name:lemmonyFadeInUp\"><img loading=\"lazy\" decoding=\"async\" width=\"960\" height=\"540\" data-wp-class--hide=\"state.isContentHidden\" data-wp-class--show=\"state.isContentVisible\" data-wp-init=\"callbacks.setButtonStyles\" data-wp-on--click=\"actions.showLightbox\" data-wp-on--load=\"callbacks.setButtonStyles\" data-wp-on-window--resize=\"callbacks.setButtonStyles\" data-id=\"86\" src=\"https:\/\/meeli.planet.ee\/miastone\/wp-content\/uploads\/2024\/06\/50110621_1104031883117902_5683335742382669824_n-113.jpg\" alt=\"\" class=\"wp-image-86\" srcset=\"https:\/\/meeli.planet.ee\/miastone\/wp-content\/uploads\/2024\/06\/50110621_1104031883117902_5683335742382669824_n-113.jpg 960w, https:\/\/meeli.planet.ee\/miastone\/wp-content\/uploads\/2024\/06\/50110621_1104031883117902_5683335742382669824_n-113-300x169.jpg 300w, https:\/\/meeli.planet.ee\/miastone\/wp-content\/uploads\/2024\/06\/50110621_1104031883117902_5683335742382669824_n-113-768x432.jpg 768w\" sizes=\"auto, (max-width: 960px) 100vw, 960px\" \/><button\n\t\t\tclass=\"lightbox-trigger\"\n\t\t\ttype=\"button\"\n\t\t\taria-haspopup=\"dialog\"\n\t\t\taria-label=\"Enlarge\"\n\t\t\tdata-wp-init=\"callbacks.initTriggerButton\"\n\t\t\tdata-wp-on--click=\"actions.showLightbox\"\n\t\t\tdata-wp-style--right=\"state.imageButtonRight\"\n\t\t\tdata-wp-style--top=\"state.imageButtonTop\"\n\t\t>\n\t\t\t<svg xmlns=\"http:\/\/www.w3.org\/2000\/svg\" width=\"12\" height=\"12\" fill=\"none\" viewBox=\"0 0 12 12\">\n\t\t\t\t<path fill=\"#fff\" d=\"M2 0a2 2 0 0 0-2 2v2h1.5V2a.5.5 0 0 1 .5-.5h2V0H2Zm2 10.5H2a.5.5 0 0 1-.5-.5V8H0v2a2 2 0 0 0 2 2h2v-1.5ZM8 12v-1.5h2a.5.5 0 0 0 .5-.5V8H12v2a2 2 0 0 1-2 2H8Zm2-12a2 2 0 0 1 2 2v2h-1.5V2a.5.5 0 0 0-.5-.5H8V0h2Z\" \/>\n\t\t\t<\/svg>\n\t\t<\/button><\/figure>\n\n\n\n<figure data-wp-context=\"{&quot;imageId&quot;:&quot;69e0095164db7&quot;}\" data-wp-interactive=\"core\/image\" data-wp-key=\"69e0095164db7\" class=\"wp-block-image size-large lemmony-animation wp-lightbox-container\" style=\"--lemmony-animation-name:lemmonyFadeInUp\"><img loading=\"lazy\" decoding=\"async\" width=\"960\" height=\"540\" data-wp-class--hide=\"state.isContentHidden\" data-wp-class--show=\"state.isContentVisible\" data-wp-init=\"callbacks.setButtonStyles\" data-wp-on--click=\"actions.showLightbox\" data-wp-on--load=\"callbacks.setButtonStyles\" data-wp-on-window--resize=\"callbacks.setButtonStyles\" data-id=\"91\" src=\"https:\/\/meeli.planet.ee\/miastone\/wp-content\/uploads\/2024\/06\/50221058_1104031706451253_564224141369016320_n-105.jpg\" alt=\"\" class=\"wp-image-91\" srcset=\"https:\/\/meeli.planet.ee\/miastone\/wp-content\/uploads\/2024\/06\/50221058_1104031706451253_564224141369016320_n-105.jpg 960w, https:\/\/meeli.planet.ee\/miastone\/wp-content\/uploads\/2024\/06\/50221058_1104031706451253_564224141369016320_n-105-300x169.jpg 300w, https:\/\/meeli.planet.ee\/miastone\/wp-content\/uploads\/2024\/06\/50221058_1104031706451253_564224141369016320_n-105-768x432.jpg 768w\" sizes=\"auto, (max-width: 960px) 100vw, 960px\" \/><button\n\t\t\tclass=\"lightbox-trigger\"\n\t\t\ttype=\"button\"\n\t\t\taria-haspopup=\"dialog\"\n\t\t\taria-label=\"Enlarge\"\n\t\t\tdata-wp-init=\"callbacks.initTriggerButton\"\n\t\t\tdata-wp-on--click=\"actions.showLightbox\"\n\t\t\tdata-wp-style--right=\"state.imageButtonRight\"\n\t\t\tdata-wp-style--top=\"state.imageButtonTop\"\n\t\t>\n\t\t\t<svg xmlns=\"http:\/\/www.w3.org\/2000\/svg\" width=\"12\" height=\"12\" fill=\"none\" viewBox=\"0 0 12 12\">\n\t\t\t\t<path fill=\"#fff\" d=\"M2 0a2 2 0 0 0-2 2v2h1.5V2a.5.5 0 0 1 .5-.5h2V0H2Zm2 10.5H2a.5.5 0 0 1-.5-.5V8H0v2a2 2 0 0 0 2 2h2v-1.5ZM8 12v-1.5h2a.5.5 0 0 0 .5-.5V8H12v2a2 2 0 0 1-2 2H8Zm2-12a2 2 0 0 1 2 2v2h-1.5V2a.5.5 0 0 0-.5-.5H8V0h2Z\" \/>\n\t\t\t<\/svg>\n\t\t<\/button><\/figure>\n\n\n\n<figure data-wp-context=\"{&quot;imageId&quot;:&quot;69e009516535a&quot;}\" data-wp-interactive=\"core\/image\" data-wp-key=\"69e009516535a\" class=\"wp-block-image size-large lemmony-animation wp-lightbox-container\" style=\"--lemmony-animation-name:lemmonyFadeInUp\"><img loading=\"lazy\" decoding=\"async\" width=\"960\" height=\"720\" data-wp-class--hide=\"state.isContentHidden\" data-wp-class--show=\"state.isContentVisible\" data-wp-init=\"callbacks.setButtonStyles\" data-wp-on--click=\"actions.showLightbox\" data-wp-on--load=\"callbacks.setButtonStyles\" data-wp-on-window--resize=\"callbacks.setButtonStyles\" data-id=\"106\" src=\"https:\/\/meeli.planet.ee\/miastone\/wp-content\/uploads\/2024\/06\/50442634_1104026669785090_2615644038270812160_n-83.jpg\" alt=\"\" class=\"wp-image-106\" srcset=\"https:\/\/meeli.planet.ee\/miastone\/wp-content\/uploads\/2024\/06\/50442634_1104026669785090_2615644038270812160_n-83.jpg 960w, https:\/\/meeli.planet.ee\/miastone\/wp-content\/uploads\/2024\/06\/50442634_1104026669785090_2615644038270812160_n-83-300x225.jpg 300w, https:\/\/meeli.planet.ee\/miastone\/wp-content\/uploads\/2024\/06\/50442634_1104026669785090_2615644038270812160_n-83-768x576.jpg 768w\" sizes=\"auto, (max-width: 960px) 100vw, 960px\" \/><button\n\t\t\tclass=\"lightbox-trigger\"\n\t\t\ttype=\"button\"\n\t\t\taria-haspopup=\"dialog\"\n\t\t\taria-label=\"Enlarge\"\n\t\t\tdata-wp-init=\"callbacks.initTriggerButton\"\n\t\t\tdata-wp-on--click=\"actions.showLightbox\"\n\t\t\tdata-wp-style--right=\"state.imageButtonRight\"\n\t\t\tdata-wp-style--top=\"state.imageButtonTop\"\n\t\t>\n\t\t\t<svg xmlns=\"http:\/\/www.w3.org\/2000\/svg\" width=\"12\" height=\"12\" fill=\"none\" viewBox=\"0 0 12 12\">\n\t\t\t\t<path fill=\"#fff\" d=\"M2 0a2 2 0 0 0-2 2v2h1.5V2a.5.5 0 0 1 .5-.5h2V0H2Zm2 10.5H2a.5.5 0 0 1-.5-.5V8H0v2a2 2 0 0 0 2 2h2v-1.5ZM8 12v-1.5h2a.5.5 0 0 0 .5-.5V8H12v2a2 2 0 0 1-2 2H8Zm2-12a2 2 0 0 1 2 2v2h-1.5V2a.5.5 0 0 0-.5-.5H8V0h2Z\" \/>\n\t\t\t<\/svg>\n\t\t<\/button><\/figure>\n\n\n\n<figure data-wp-context=\"{&quot;imageId&quot;:&quot;69e009516579a&quot;}\" data-wp-interactive=\"core\/image\" data-wp-key=\"69e009516579a\" class=\"wp-block-image size-large lemmony-animation wp-lightbox-container\" style=\"--lemmony-animation-name:lemmonyFadeInUp\"><img loading=\"lazy\" decoding=\"async\" width=\"960\" height=\"720\" data-wp-class--hide=\"state.isContentHidden\" data-wp-class--show=\"state.isContentVisible\" data-wp-init=\"callbacks.setButtonStyles\" data-wp-on--click=\"actions.showLightbox\" data-wp-on--load=\"callbacks.setButtonStyles\" data-wp-on-window--resize=\"callbacks.setButtonStyles\" data-id=\"71\" src=\"https:\/\/meeli.planet.ee\/miastone\/wp-content\/uploads\/2024\/06\/49948101_1104026679785089_4477851294136008704_n-139.jpg\" alt=\"\" class=\"wp-image-71\" srcset=\"https:\/\/meeli.planet.ee\/miastone\/wp-content\/uploads\/2024\/06\/49948101_1104026679785089_4477851294136008704_n-139.jpg 960w, https:\/\/meeli.planet.ee\/miastone\/wp-content\/uploads\/2024\/06\/49948101_1104026679785089_4477851294136008704_n-139-300x225.jpg 300w, https:\/\/meeli.planet.ee\/miastone\/wp-content\/uploads\/2024\/06\/49948101_1104026679785089_4477851294136008704_n-139-768x576.jpg 768w\" sizes=\"auto, (max-width: 960px) 100vw, 960px\" \/><button\n\t\t\tclass=\"lightbox-trigger\"\n\t\t\ttype=\"button\"\n\t\t\taria-haspopup=\"dialog\"\n\t\t\taria-label=\"Enlarge\"\n\t\t\tdata-wp-init=\"callbacks.initTriggerButton\"\n\t\t\tdata-wp-on--click=\"actions.showLightbox\"\n\t\t\tdata-wp-style--right=\"state.imageButtonRight\"\n\t\t\tdata-wp-style--top=\"state.imageButtonTop\"\n\t\t>\n\t\t\t<svg xmlns=\"http:\/\/www.w3.org\/2000\/svg\" width=\"12\" height=\"12\" fill=\"none\" viewBox=\"0 0 12 12\">\n\t\t\t\t<path fill=\"#fff\" d=\"M2 0a2 2 0 0 0-2 2v2h1.5V2a.5.5 0 0 1 .5-.5h2V0H2Zm2 10.5H2a.5.5 0 0 1-.5-.5V8H0v2a2 2 0 0 0 2 2h2v-1.5ZM8 12v-1.5h2a.5.5 0 0 0 .5-.5V8H12v2a2 2 0 0 1-2 2H8Zm2-12a2 2 0 0 1 2 2v2h-1.5V2a.5.5 0 0 0-.5-.5H8V0h2Z\" \/>\n\t\t\t<\/svg>\n\t\t<\/button><\/figure>\n<\/figure>\n","protected":false},"excerpt":{"rendered":"<p>Paigaldame k\u00f5iki turul olemasolevaid \u00e4\u00e4rekive, nii betoonkive kui ka graniitkive.Ehitame \u00e4\u00e4rekividest ka treppe ja erinevaid tasapindasid.<\/p>\n","protected":false},"author":1,"featured_media":0,"parent":0,"menu_order":0,"comment_status":"closed","ping_status":"closed","template":"","meta":{"footnotes":""},"class_list":["post-26","page","type-page","status-publish","hentry"],"_links":{"self":[{"href":"https:\/\/meeli.planet.ee\/miastone\/wp-json\/wp\/v2\/pages\/26","targetHints":{"allow":["GET"]}}],"collection":[{"href":"https:\/\/meeli.planet.ee\/miastone\/wp-json\/wp\/v2\/pages"}],"about":[{"href":"https:\/\/meeli.planet.ee\/miastone\/wp-json\/wp\/v2\/types\/page"}],"author":[{"embeddable":true,"href":"https:\/\/meeli.planet.ee\/miastone\/wp-json\/wp\/v2\/users\/1"}],"replies":[{"embeddable":true,"href":"https:\/\/meeli.planet.ee\/miastone\/wp-json\/wp\/v2\/comments?post=26"}],"version-history":[{"count":4,"href":"https:\/\/meeli.planet.ee\/miastone\/wp-json\/wp\/v2\/pages\/26\/revisions"}],"predecessor-version":[{"id":142,"href":"https:\/\/meeli.planet.ee\/miastone\/wp-json\/wp\/v2\/pages\/26\/revisions\/142"}],"wp:attachment":[{"href":"https:\/\/meeli.planet.ee\/miastone\/wp-json\/wp\/v2\/media?parent=26"}],"curies":[{"name":"wp","href":"https:\/\/api.w.org\/{rel}","templated":true}]}}