{"id":22,"date":"2024-06-01T11:45:11","date_gmt":"2024-06-01T11:45:11","guid":{"rendered":"https:\/\/meeli.planet.ee\/miastone\/?page_id=22"},"modified":"2024-06-01T13:20:02","modified_gmt":"2024-06-01T13:20:02","slug":"tanavakivide-paigaldus","status":"publish","type":"page","link":"https:\/\/meeli.planet.ee\/miastone\/tanavakivide-paigaldus\/","title":{"rendered":"T\u00e4navakivide paigaldus"},"content":{"rendered":"\n<p class=\"has-text-align-center\">Paigaldame k\u00f5iki v\u00f5imalikke t\u00e4navakive, nii betoonkive, graniitkive kui ka paekive. Saame hakkama erinevate mustrite, kaarte ja muude huvitavate lahendustega.<br>Enne kivide paigaldust ehitame normidele vastava aluse.<br>Tehtud t\u00f6\u00f6dele anname 2 aasta pikkuse garantii.<\/p>\n","protected":false},"excerpt":{"rendered":"<p>Paigaldame k\u00f5iki v\u00f5imalikke t\u00e4navakive, nii betoonkive, graniitkive kui ka paekive. Saame hakkama erinevate mustrite, kaarte ja muude huvitavate lahendustega.Enne kivide paigaldust ehitame normidele vastava aluse.Tehtud t\u00f6\u00f6dele anname 2 aasta pikkuse garantii.<\/p>\n","protected":false},"author":1,"featured_media":0,"parent":0,"menu_order":0,"comment_status":"closed","ping_status":"closed","template":"","meta":{"footnotes":""},"class_list":["post-22","page","type-page","status-publish","hentry"],"_links":{"self":[{"href":"https:\/\/meeli.planet.ee\/miastone\/wp-json\/wp\/v2\/pages\/22","targetHints":{"allow":["GET"]}}],"collection":[{"href":"https:\/\/meeli.planet.ee\/miastone\/wp-json\/wp\/v2\/pages"}],"about":[{"href":"https:\/\/meeli.planet.ee\/miastone\/wp-json\/wp\/v2\/types\/page"}],"author":[{"embeddable":true,"href":"https:\/\/meeli.planet.ee\/miastone\/wp-json\/wp\/v2\/users\/1"}],"replies":[{"embeddable":true,"href":"https:\/\/meeli.planet.ee\/miastone\/wp-json\/wp\/v2\/comments?post=22"}],"version-history":[{"count":3,"href":"https:\/\/meeli.planet.ee\/miastone\/wp-json\/wp\/v2\/pages\/22\/revisions"}],"predecessor-version":[{"id":151,"href":"https:\/\/meeli.planet.ee\/miastone\/wp-json\/wp\/v2\/pages\/22\/revisions\/151"}],"wp:attachment":[{"href":"https:\/\/meeli.planet.ee\/miastone\/wp-json\/wp\/v2\/media?parent=22"}],"curies":[{"name":"wp","href":"https:\/\/api.w.org\/{rel}","templated":true}]}}