{"id":131,"date":"2024-06-01T12:55:33","date_gmt":"2024-06-01T12:55:33","guid":{"rendered":"https:\/\/meeli.planet.ee\/miastone\/?page_id=131"},"modified":"2024-06-01T13:19:39","modified_gmt":"2024-06-01T13:19:39","slug":"lammutustood","status":"publish","type":"page","link":"https:\/\/meeli.planet.ee\/miastone\/lammutustood\/","title":{"rendered":"Lammutust\u00f6\u00f6d"},"content":{"rendered":"\n<p class=\"has-text-align-center\">Lammutus nii tehnika kui ka k\u00e4sit\u00f6\u00f6riistadega.<\/p>\n\n\n\n<figure class=\"wp-block-gallery has-nested-images columns-default is-cropped wp-block-gallery-1 is-layout-flex wp-block-gallery-is-layout-flex\">\n<figure data-wp-context=\"{&quot;imageId&quot;:&quot;69e0095174565&quot;}\" data-wp-interactive=\"core\/image\" data-wp-key=\"69e0095174565\" class=\"wp-block-image size-large lemmony-animation wp-lightbox-container\" style=\"--lemmony-animation-name:lemmonyFadeInUp\"><img loading=\"lazy\" decoding=\"async\" width=\"960\" height=\"562\" data-wp-class--hide=\"state.isContentHidden\" data-wp-class--show=\"state.isContentVisible\" data-wp-init=\"callbacks.setButtonStyles\" data-wp-on--click=\"actions.showLightbox\" data-wp-on--load=\"callbacks.setButtonStyles\" data-wp-on-window--resize=\"callbacks.setButtonStyles\" data-id=\"37\" src=\"https:\/\/meeli.planet.ee\/miastone\/wp-content\/uploads\/2024\/06\/49344692_1103992339788523_4715312154666860544_n-47.jpg\" alt=\"\" class=\"wp-image-37\" srcset=\"https:\/\/meeli.planet.ee\/miastone\/wp-content\/uploads\/2024\/06\/49344692_1103992339788523_4715312154666860544_n-47.jpg 960w, https:\/\/meeli.planet.ee\/miastone\/wp-content\/uploads\/2024\/06\/49344692_1103992339788523_4715312154666860544_n-47-300x176.jpg 300w, https:\/\/meeli.planet.ee\/miastone\/wp-content\/uploads\/2024\/06\/49344692_1103992339788523_4715312154666860544_n-47-768x450.jpg 768w\" sizes=\"auto, (max-width: 960px) 100vw, 960px\" \/><button\n\t\t\tclass=\"lightbox-trigger\"\n\t\t\ttype=\"button\"\n\t\t\taria-haspopup=\"dialog\"\n\t\t\taria-label=\"Enlarge\"\n\t\t\tdata-wp-init=\"callbacks.initTriggerButton\"\n\t\t\tdata-wp-on--click=\"actions.showLightbox\"\n\t\t\tdata-wp-style--right=\"state.imageButtonRight\"\n\t\t\tdata-wp-style--top=\"state.imageButtonTop\"\n\t\t>\n\t\t\t<svg xmlns=\"http:\/\/www.w3.org\/2000\/svg\" width=\"12\" height=\"12\" fill=\"none\" viewBox=\"0 0 12 12\">\n\t\t\t\t<path fill=\"#fff\" d=\"M2 0a2 2 0 0 0-2 2v2h1.5V2a.5.5 0 0 1 .5-.5h2V0H2Zm2 10.5H2a.5.5 0 0 1-.5-.5V8H0v2a2 2 0 0 0 2 2h2v-1.5ZM8 12v-1.5h2a.5.5 0 0 0 .5-.5V8H12v2a2 2 0 0 1-2 2H8Zm2-12a2 2 0 0 1 2 2v2h-1.5V2a.5.5 0 0 0-.5-.5H8V0h2Z\" \/>\n\t\t\t<\/svg>\n\t\t<\/button><\/figure>\n\n\n\n<figure data-wp-context=\"{&quot;imageId&quot;:&quot;69e00951751fe&quot;}\" data-wp-interactive=\"core\/image\" data-wp-key=\"69e00951751fe\" class=\"wp-block-image size-large lemmony-animation wp-lightbox-container\" style=\"--lemmony-animation-name:lemmonyFadeInUp\"><img loading=\"lazy\" decoding=\"async\" width=\"960\" height=\"562\" data-wp-class--hide=\"state.isContentHidden\" data-wp-class--show=\"state.isContentVisible\" data-wp-init=\"callbacks.setButtonStyles\" data-wp-on--click=\"actions.showLightbox\" data-wp-on--load=\"callbacks.setButtonStyles\" data-wp-on-window--resize=\"callbacks.setButtonStyles\" data-id=\"77\" src=\"https:\/\/meeli.planet.ee\/miastone\/wp-content\/uploads\/2024\/06\/50022168_1103992289788528_2423751071353536512_n-49.jpg\" alt=\"\" class=\"wp-image-77\" srcset=\"https:\/\/meeli.planet.ee\/miastone\/wp-content\/uploads\/2024\/06\/50022168_1103992289788528_2423751071353536512_n-49.jpg 960w, https:\/\/meeli.planet.ee\/miastone\/wp-content\/uploads\/2024\/06\/50022168_1103992289788528_2423751071353536512_n-49-300x176.jpg 300w, https:\/\/meeli.planet.ee\/miastone\/wp-content\/uploads\/2024\/06\/50022168_1103992289788528_2423751071353536512_n-49-768x450.jpg 768w\" sizes=\"auto, (max-width: 960px) 100vw, 960px\" \/><button\n\t\t\tclass=\"lightbox-trigger\"\n\t\t\ttype=\"button\"\n\t\t\taria-haspopup=\"dialog\"\n\t\t\taria-label=\"Enlarge\"\n\t\t\tdata-wp-init=\"callbacks.initTriggerButton\"\n\t\t\tdata-wp-on--click=\"actions.showLightbox\"\n\t\t\tdata-wp-style--right=\"state.imageButtonRight\"\n\t\t\tdata-wp-style--top=\"state.imageButtonTop\"\n\t\t>\n\t\t\t<svg xmlns=\"http:\/\/www.w3.org\/2000\/svg\" width=\"12\" height=\"12\" fill=\"none\" viewBox=\"0 0 12 12\">\n\t\t\t\t<path fill=\"#fff\" d=\"M2 0a2 2 0 0 0-2 2v2h1.5V2a.5.5 0 0 1 .5-.5h2V0H2Zm2 10.5H2a.5.5 0 0 1-.5-.5V8H0v2a2 2 0 0 0 2 2h2v-1.5ZM8 12v-1.5h2a.5.5 0 0 0 .5-.5V8H12v2a2 2 0 0 1-2 2H8Zm2-12a2 2 0 0 1 2 2v2h-1.5V2a.5.5 0 0 0-.5-.5H8V0h2Z\" \/>\n\t\t\t<\/svg>\n\t\t<\/button><\/figure>\n\n\n\n<figure data-wp-context=\"{&quot;imageId&quot;:&quot;69e0095175850&quot;}\" data-wp-interactive=\"core\/image\" data-wp-key=\"69e0095175850\" class=\"wp-block-image size-large lemmony-animation wp-lightbox-container\" style=\"--lemmony-animation-name:lemmonyFadeInUp\"><img loading=\"lazy\" decoding=\"async\" width=\"960\" height=\"562\" data-wp-class--hide=\"state.isContentHidden\" data-wp-class--show=\"state.isContentVisible\" data-wp-init=\"callbacks.setButtonStyles\" data-wp-on--click=\"actions.showLightbox\" data-wp-on--load=\"callbacks.setButtonStyles\" data-wp-on-window--resize=\"callbacks.setButtonStyles\" data-id=\"82\" src=\"https:\/\/meeli.planet.ee\/miastone\/wp-content\/uploads\/2024\/06\/50076708_1103992276455196_7829982301256679424_n-51.jpg\" alt=\"\" class=\"wp-image-82\" srcset=\"https:\/\/meeli.planet.ee\/miastone\/wp-content\/uploads\/2024\/06\/50076708_1103992276455196_7829982301256679424_n-51.jpg 960w, https:\/\/meeli.planet.ee\/miastone\/wp-content\/uploads\/2024\/06\/50076708_1103992276455196_7829982301256679424_n-51-300x176.jpg 300w, https:\/\/meeli.planet.ee\/miastone\/wp-content\/uploads\/2024\/06\/50076708_1103992276455196_7829982301256679424_n-51-768x450.jpg 768w\" sizes=\"auto, (max-width: 960px) 100vw, 960px\" \/><button\n\t\t\tclass=\"lightbox-trigger\"\n\t\t\ttype=\"button\"\n\t\t\taria-haspopup=\"dialog\"\n\t\t\taria-label=\"Enlarge\"\n\t\t\tdata-wp-init=\"callbacks.initTriggerButton\"\n\t\t\tdata-wp-on--click=\"actions.showLightbox\"\n\t\t\tdata-wp-style--right=\"state.imageButtonRight\"\n\t\t\tdata-wp-style--top=\"state.imageButtonTop\"\n\t\t>\n\t\t\t<svg xmlns=\"http:\/\/www.w3.org\/2000\/svg\" width=\"12\" height=\"12\" fill=\"none\" viewBox=\"0 0 12 12\">\n\t\t\t\t<path fill=\"#fff\" d=\"M2 0a2 2 0 0 0-2 2v2h1.5V2a.5.5 0 0 1 .5-.5h2V0H2Zm2 10.5H2a.5.5 0 0 1-.5-.5V8H0v2a2 2 0 0 0 2 2h2v-1.5ZM8 12v-1.5h2a.5.5 0 0 0 .5-.5V8H12v2a2 2 0 0 1-2 2H8Zm2-12a2 2 0 0 1 2 2v2h-1.5V2a.5.5 0 0 0-.5-.5H8V0h2Z\" \/>\n\t\t\t<\/svg>\n\t\t<\/button><\/figure>\n<\/figure>\n","protected":false},"excerpt":{"rendered":"<p>Lammutus nii tehnika kui ka k\u00e4sit\u00f6\u00f6riistadega.<\/p>\n","protected":false},"author":1,"featured_media":0,"parent":0,"menu_order":0,"comment_status":"closed","ping_status":"closed","template":"","meta":{"footnotes":""},"class_list":["post-131","page","type-page","status-publish","hentry"],"_links":{"self":[{"href":"https:\/\/meeli.planet.ee\/miastone\/wp-json\/wp\/v2\/pages\/131","targetHints":{"allow":["GET"]}}],"collection":[{"href":"https:\/\/meeli.planet.ee\/miastone\/wp-json\/wp\/v2\/pages"}],"about":[{"href":"https:\/\/meeli.planet.ee\/miastone\/wp-json\/wp\/v2\/types\/page"}],"author":[{"embeddable":true,"href":"https:\/\/meeli.planet.ee\/miastone\/wp-json\/wp\/v2\/users\/1"}],"replies":[{"embeddable":true,"href":"https:\/\/meeli.planet.ee\/miastone\/wp-json\/wp\/v2\/comments?post=131"}],"version-history":[{"count":2,"href":"https:\/\/meeli.planet.ee\/miastone\/wp-json\/wp\/v2\/pages\/131\/revisions"}],"predecessor-version":[{"id":149,"href":"https:\/\/meeli.planet.ee\/miastone\/wp-json\/wp\/v2\/pages\/131\/revisions\/149"}],"wp:attachment":[{"href":"https:\/\/meeli.planet.ee\/miastone\/wp-json\/wp\/v2\/media?parent=131"}],"curies":[{"name":"wp","href":"https:\/\/api.w.org\/{rel}","templated":true}]}}