{"id":128,"date":"2024-06-01T12:52:55","date_gmt":"2024-06-01T12:52:55","guid":{"rendered":"https:\/\/meeli.planet.ee\/miastone\/?page_id=128"},"modified":"2024-06-01T13:18:26","modified_gmt":"2024-06-01T13:18:26","slug":"drenaazitood","status":"publish","type":"page","link":"https:\/\/meeli.planet.ee\/miastone\/drenaazitood\/","title":{"rendered":"Drenaa\u017eit\u00f6\u00f6d"},"content":{"rendered":"\n<p class=\"has-text-align-center\">Ehitame erinevaid drenaa\u017ei s\u00fcsteeme ja imbv\u00e4ljakuid.<\/p>\n\n\n\n<figure class=\"wp-block-gallery has-nested-images columns-default is-cropped wp-block-gallery-1 is-layout-flex wp-block-gallery-is-layout-flex\">\n<figure data-wp-context=\"{&quot;imageId&quot;:&quot;69e00951aa53a&quot;}\" data-wp-interactive=\"core\/image\" data-wp-key=\"69e00951aa53a\" class=\"wp-block-image size-large lemmony-animation wp-lightbox-container\" style=\"--lemmony-animation-name:lemmonyFadeInUp\"><img loading=\"lazy\" decoding=\"async\" width=\"720\" height=\"960\" data-wp-class--hide=\"state.isContentHidden\" data-wp-class--show=\"state.isContentVisible\" data-wp-init=\"callbacks.setButtonStyles\" data-wp-on--click=\"actions.showLightbox\" data-wp-on--load=\"callbacks.setButtonStyles\" data-wp-on-window--resize=\"callbacks.setButtonStyles\" data-id=\"129\" src=\"https:\/\/meeli.planet.ee\/miastone\/wp-content\/uploads\/2024\/06\/50618205_1104028736451550_4505820052448083968_n-75.jpg\" alt=\"\" class=\"wp-image-129\" srcset=\"https:\/\/meeli.planet.ee\/miastone\/wp-content\/uploads\/2024\/06\/50618205_1104028736451550_4505820052448083968_n-75.jpg 720w, https:\/\/meeli.planet.ee\/miastone\/wp-content\/uploads\/2024\/06\/50618205_1104028736451550_4505820052448083968_n-75-225x300.jpg 225w\" sizes=\"auto, (max-width: 720px) 100vw, 720px\" \/><button\n\t\t\tclass=\"lightbox-trigger\"\n\t\t\ttype=\"button\"\n\t\t\taria-haspopup=\"dialog\"\n\t\t\taria-label=\"Enlarge\"\n\t\t\tdata-wp-init=\"callbacks.initTriggerButton\"\n\t\t\tdata-wp-on--click=\"actions.showLightbox\"\n\t\t\tdata-wp-style--right=\"state.imageButtonRight\"\n\t\t\tdata-wp-style--top=\"state.imageButtonTop\"\n\t\t>\n\t\t\t<svg xmlns=\"http:\/\/www.w3.org\/2000\/svg\" width=\"12\" height=\"12\" fill=\"none\" viewBox=\"0 0 12 12\">\n\t\t\t\t<path fill=\"#fff\" d=\"M2 0a2 2 0 0 0-2 2v2h1.5V2a.5.5 0 0 1 .5-.5h2V0H2Zm2 10.5H2a.5.5 0 0 1-.5-.5V8H0v2a2 2 0 0 0 2 2h2v-1.5ZM8 12v-1.5h2a.5.5 0 0 0 .5-.5V8H12v2a2 2 0 0 1-2 2H8Zm2-12a2 2 0 0 1 2 2v2h-1.5V2a.5.5 0 0 0-.5-.5H8V0h2Z\" \/>\n\t\t\t<\/svg>\n\t\t<\/button><\/figure>\n\n\n\n<figure data-wp-context=\"{&quot;imageId&quot;:&quot;69e00951aaaea&quot;}\" data-wp-interactive=\"core\/image\" data-wp-key=\"69e00951aaaea\" class=\"wp-block-image size-large lemmony-animation wp-lightbox-container\" style=\"--lemmony-animation-name:lemmonyFadeInUp\"><img loading=\"lazy\" decoding=\"async\" width=\"720\" height=\"960\" data-wp-class--hide=\"state.isContentHidden\" data-wp-class--show=\"state.isContentVisible\" data-wp-init=\"callbacks.setButtonStyles\" data-wp-on--click=\"actions.showLightbox\" data-wp-on--load=\"callbacks.setButtonStyles\" data-wp-on-window--resize=\"callbacks.setButtonStyles\" data-id=\"96\" src=\"https:\/\/meeli.planet.ee\/miastone\/wp-content\/uploads\/2024\/06\/50283395_1104028743118216_8074501034300407808_n-99.jpg\" alt=\"\" class=\"wp-image-96\" srcset=\"https:\/\/meeli.planet.ee\/miastone\/wp-content\/uploads\/2024\/06\/50283395_1104028743118216_8074501034300407808_n-99.jpg 720w, https:\/\/meeli.planet.ee\/miastone\/wp-content\/uploads\/2024\/06\/50283395_1104028743118216_8074501034300407808_n-99-225x300.jpg 225w\" sizes=\"auto, (max-width: 720px) 100vw, 720px\" \/><button\n\t\t\tclass=\"lightbox-trigger\"\n\t\t\ttype=\"button\"\n\t\t\taria-haspopup=\"dialog\"\n\t\t\taria-label=\"Enlarge\"\n\t\t\tdata-wp-init=\"callbacks.initTriggerButton\"\n\t\t\tdata-wp-on--click=\"actions.showLightbox\"\n\t\t\tdata-wp-style--right=\"state.imageButtonRight\"\n\t\t\tdata-wp-style--top=\"state.imageButtonTop\"\n\t\t>\n\t\t\t<svg xmlns=\"http:\/\/www.w3.org\/2000\/svg\" width=\"12\" height=\"12\" fill=\"none\" viewBox=\"0 0 12 12\">\n\t\t\t\t<path fill=\"#fff\" d=\"M2 0a2 2 0 0 0-2 2v2h1.5V2a.5.5 0 0 1 .5-.5h2V0H2Zm2 10.5H2a.5.5 0 0 1-.5-.5V8H0v2a2 2 0 0 0 2 2h2v-1.5ZM8 12v-1.5h2a.5.5 0 0 0 .5-.5V8H12v2a2 2 0 0 1-2 2H8Zm2-12a2 2 0 0 1 2 2v2h-1.5V2a.5.5 0 0 0-.5-.5H8V0h2Z\" \/>\n\t\t\t<\/svg>\n\t\t<\/button><\/figure>\n\n\n\n<figure data-wp-context=\"{&quot;imageId&quot;:&quot;69e00951ab378&quot;}\" data-wp-interactive=\"core\/image\" data-wp-key=\"69e00951ab378\" class=\"wp-block-image size-large lemmony-animation wp-lightbox-container\" style=\"--lemmony-animation-name:lemmonyFadeInUp\"><img loading=\"lazy\" decoding=\"async\" width=\"960\" height=\"720\" data-wp-class--hide=\"state.isContentHidden\" data-wp-class--show=\"state.isContentVisible\" data-wp-init=\"callbacks.setButtonStyles\" data-wp-on--click=\"actions.showLightbox\" data-wp-on--load=\"callbacks.setButtonStyles\" data-wp-on-window--resize=\"callbacks.setButtonStyles\" data-id=\"42\" src=\"https:\/\/meeli.planet.ee\/miastone\/wp-content\/uploads\/2024\/06\/49734941_1104028699784887_1176872866474360832_n-177.jpg\" alt=\"\" class=\"wp-image-42\" srcset=\"https:\/\/meeli.planet.ee\/miastone\/wp-content\/uploads\/2024\/06\/49734941_1104028699784887_1176872866474360832_n-177.jpg 960w, https:\/\/meeli.planet.ee\/miastone\/wp-content\/uploads\/2024\/06\/49734941_1104028699784887_1176872866474360832_n-177-300x225.jpg 300w, https:\/\/meeli.planet.ee\/miastone\/wp-content\/uploads\/2024\/06\/49734941_1104028699784887_1176872866474360832_n-177-768x576.jpg 768w\" sizes=\"auto, (max-width: 960px) 100vw, 960px\" \/><button\n\t\t\tclass=\"lightbox-trigger\"\n\t\t\ttype=\"button\"\n\t\t\taria-haspopup=\"dialog\"\n\t\t\taria-label=\"Enlarge\"\n\t\t\tdata-wp-init=\"callbacks.initTriggerButton\"\n\t\t\tdata-wp-on--click=\"actions.showLightbox\"\n\t\t\tdata-wp-style--right=\"state.imageButtonRight\"\n\t\t\tdata-wp-style--top=\"state.imageButtonTop\"\n\t\t>\n\t\t\t<svg xmlns=\"http:\/\/www.w3.org\/2000\/svg\" width=\"12\" height=\"12\" fill=\"none\" viewBox=\"0 0 12 12\">\n\t\t\t\t<path fill=\"#fff\" d=\"M2 0a2 2 0 0 0-2 2v2h1.5V2a.5.5 0 0 1 .5-.5h2V0H2Zm2 10.5H2a.5.5 0 0 1-.5-.5V8H0v2a2 2 0 0 0 2 2h2v-1.5ZM8 12v-1.5h2a.5.5 0 0 0 .5-.5V8H12v2a2 2 0 0 1-2 2H8Zm2-12a2 2 0 0 1 2 2v2h-1.5V2a.5.5 0 0 0-.5-.5H8V0h2Z\" \/>\n\t\t\t<\/svg>\n\t\t<\/button><\/figure>\n\n\n\n<figure data-wp-context=\"{&quot;imageId&quot;:&quot;69e00951ab9a8&quot;}\" data-wp-interactive=\"core\/image\" data-wp-key=\"69e00951ab9a8\" class=\"wp-block-image size-large lemmony-animation wp-lightbox-container\" style=\"--lemmony-animation-name:lemmonyFadeInUp\"><img loading=\"lazy\" decoding=\"async\" width=\"750\" height=\"562\" data-wp-class--hide=\"state.isContentHidden\" data-wp-class--show=\"state.isContentVisible\" data-wp-init=\"callbacks.setButtonStyles\" data-wp-on--click=\"actions.showLightbox\" data-wp-on--load=\"callbacks.setButtonStyles\" data-wp-on-window--resize=\"callbacks.setButtonStyles\" data-id=\"57\" src=\"https:\/\/meeli.planet.ee\/miastone\/wp-content\/uploads\/2024\/06\/49845104_1104028616451562_5475428977017356288_n-157.jpg\" alt=\"\" class=\"wp-image-57\" srcset=\"https:\/\/meeli.planet.ee\/miastone\/wp-content\/uploads\/2024\/06\/49845104_1104028616451562_5475428977017356288_n-157.jpg 750w, https:\/\/meeli.planet.ee\/miastone\/wp-content\/uploads\/2024\/06\/49845104_1104028616451562_5475428977017356288_n-157-300x225.jpg 300w\" sizes=\"auto, (max-width: 750px) 100vw, 750px\" \/><button\n\t\t\tclass=\"lightbox-trigger\"\n\t\t\ttype=\"button\"\n\t\t\taria-haspopup=\"dialog\"\n\t\t\taria-label=\"Enlarge\"\n\t\t\tdata-wp-init=\"callbacks.initTriggerButton\"\n\t\t\tdata-wp-on--click=\"actions.showLightbox\"\n\t\t\tdata-wp-style--right=\"state.imageButtonRight\"\n\t\t\tdata-wp-style--top=\"state.imageButtonTop\"\n\t\t>\n\t\t\t<svg xmlns=\"http:\/\/www.w3.org\/2000\/svg\" width=\"12\" height=\"12\" fill=\"none\" viewBox=\"0 0 12 12\">\n\t\t\t\t<path fill=\"#fff\" d=\"M2 0a2 2 0 0 0-2 2v2h1.5V2a.5.5 0 0 1 .5-.5h2V0H2Zm2 10.5H2a.5.5 0 0 1-.5-.5V8H0v2a2 2 0 0 0 2 2h2v-1.5ZM8 12v-1.5h2a.5.5 0 0 0 .5-.5V8H12v2a2 2 0 0 1-2 2H8Zm2-12a2 2 0 0 1 2 2v2h-1.5V2a.5.5 0 0 0-.5-.5H8V0h2Z\" \/>\n\t\t\t<\/svg>\n\t\t<\/button><\/figure>\n<\/figure>\n","protected":false},"excerpt":{"rendered":"<p>Ehitame erinevaid drenaa\u017ei s\u00fcsteeme ja imbv\u00e4ljakuid.<\/p>\n","protected":false},"author":1,"featured_media":0,"parent":0,"menu_order":0,"comment_status":"closed","ping_status":"closed","template":"","meta":{"footnotes":""},"class_list":["post-128","page","type-page","status-publish","hentry"],"_links":{"self":[{"href":"https:\/\/meeli.planet.ee\/miastone\/wp-json\/wp\/v2\/pages\/128","targetHints":{"allow":["GET"]}}],"collection":[{"href":"https:\/\/meeli.planet.ee\/miastone\/wp-json\/wp\/v2\/pages"}],"about":[{"href":"https:\/\/meeli.planet.ee\/miastone\/wp-json\/wp\/v2\/types\/page"}],"author":[{"embeddable":true,"href":"https:\/\/meeli.planet.ee\/miastone\/wp-json\/wp\/v2\/users\/1"}],"replies":[{"embeddable":true,"href":"https:\/\/meeli.planet.ee\/miastone\/wp-json\/wp\/v2\/comments?post=128"}],"version-history":[{"count":2,"href":"https:\/\/meeli.planet.ee\/miastone\/wp-json\/wp\/v2\/pages\/128\/revisions"}],"predecessor-version":[{"id":145,"href":"https:\/\/meeli.planet.ee\/miastone\/wp-json\/wp\/v2\/pages\/128\/revisions\/145"}],"wp:attachment":[{"href":"https:\/\/meeli.planet.ee\/miastone\/wp-json\/wp\/v2\/media?parent=128"}],"curies":[{"name":"wp","href":"https:\/\/api.w.org\/{rel}","templated":true}]}}