{"id":124,"date":"2024-06-01T12:47:01","date_gmt":"2024-06-01T12:47:01","guid":{"rendered":"https:\/\/meeli.planet.ee\/miastone\/?page_id=124"},"modified":"2024-06-01T13:20:17","modified_gmt":"2024-06-01T13:20:17","slug":"uldehitustood","status":"publish","type":"page","link":"https:\/\/meeli.planet.ee\/miastone\/uldehitustood\/","title":{"rendered":"\u00dcldehitust\u00f6\u00f6d"},"content":{"rendered":"\n<p class=\"has-text-align-center\">Puidut\u00f6\u00f6d, kipsit\u00f6\u00f6d, soojustamine, plaatimine.<\/p>\n\n\n\n<figure class=\"wp-block-gallery has-nested-images columns-default is-cropped wp-block-gallery-1 is-layout-flex wp-block-gallery-is-layout-flex\">\n<figure data-wp-context=\"{&quot;imageId&quot;:&quot;69e00951b74d7&quot;}\" data-wp-interactive=\"core\/image\" data-wp-key=\"69e00951b74d7\" class=\"wp-block-image size-large lemmony-animation wp-lightbox-container\" style=\"--lemmony-animation-name:lemmonyFadeInUp\"><img loading=\"lazy\" decoding=\"async\" width=\"960\" height=\"720\" data-wp-class--hide=\"state.isContentHidden\" data-wp-class--show=\"state.isContentVisible\" data-wp-init=\"callbacks.setButtonStyles\" data-wp-on--click=\"actions.showLightbox\" data-wp-on--load=\"callbacks.setButtonStyles\" data-wp-on-window--resize=\"callbacks.setButtonStyles\" data-id=\"59\" src=\"https:\/\/meeli.planet.ee\/miastone\/wp-content\/uploads\/2024\/06\/49864711_1103992433121847_1105219175455916032_n-53.jpg\" alt=\"\" class=\"wp-image-59\" srcset=\"https:\/\/meeli.planet.ee\/miastone\/wp-content\/uploads\/2024\/06\/49864711_1103992433121847_1105219175455916032_n-53.jpg 960w, https:\/\/meeli.planet.ee\/miastone\/wp-content\/uploads\/2024\/06\/49864711_1103992433121847_1105219175455916032_n-53-300x225.jpg 300w, https:\/\/meeli.planet.ee\/miastone\/wp-content\/uploads\/2024\/06\/49864711_1103992433121847_1105219175455916032_n-53-768x576.jpg 768w\" sizes=\"auto, (max-width: 960px) 100vw, 960px\" \/><button\n\t\t\tclass=\"lightbox-trigger\"\n\t\t\ttype=\"button\"\n\t\t\taria-haspopup=\"dialog\"\n\t\t\taria-label=\"Enlarge\"\n\t\t\tdata-wp-init=\"callbacks.initTriggerButton\"\n\t\t\tdata-wp-on--click=\"actions.showLightbox\"\n\t\t\tdata-wp-style--right=\"state.imageButtonRight\"\n\t\t\tdata-wp-style--top=\"state.imageButtonTop\"\n\t\t>\n\t\t\t<svg xmlns=\"http:\/\/www.w3.org\/2000\/svg\" width=\"12\" height=\"12\" fill=\"none\" viewBox=\"0 0 12 12\">\n\t\t\t\t<path fill=\"#fff\" d=\"M2 0a2 2 0 0 0-2 2v2h1.5V2a.5.5 0 0 1 .5-.5h2V0H2Zm2 10.5H2a.5.5 0 0 1-.5-.5V8H0v2a2 2 0 0 0 2 2h2v-1.5ZM8 12v-1.5h2a.5.5 0 0 0 .5-.5V8H12v2a2 2 0 0 1-2 2H8Zm2-12a2 2 0 0 1 2 2v2h-1.5V2a.5.5 0 0 0-.5-.5H8V0h2Z\" \/>\n\t\t\t<\/svg>\n\t\t<\/button><\/figure>\n\n\n\n<figure data-wp-context=\"{&quot;imageId&quot;:&quot;69e00951b78e6&quot;}\" data-wp-interactive=\"core\/image\" data-wp-key=\"69e00951b78e6\" class=\"wp-block-image size-large lemmony-animation wp-lightbox-container\" style=\"--lemmony-animation-name:lemmonyFadeInUp\"><img loading=\"lazy\" decoding=\"async\" width=\"960\" height=\"720\" data-wp-class--hide=\"state.isContentHidden\" data-wp-class--show=\"state.isContentVisible\" data-wp-init=\"callbacks.setButtonStyles\" data-wp-on--click=\"actions.showLightbox\" data-wp-on--load=\"callbacks.setButtonStyles\" data-wp-on-window--resize=\"callbacks.setButtonStyles\" data-id=\"61\" src=\"https:\/\/meeli.planet.ee\/miastone\/wp-content\/uploads\/2024\/06\/49896611_1104030699784687_8236358242649767936_n-153.jpg\" alt=\"\" class=\"wp-image-61\" srcset=\"https:\/\/meeli.planet.ee\/miastone\/wp-content\/uploads\/2024\/06\/49896611_1104030699784687_8236358242649767936_n-153.jpg 960w, https:\/\/meeli.planet.ee\/miastone\/wp-content\/uploads\/2024\/06\/49896611_1104030699784687_8236358242649767936_n-153-300x225.jpg 300w, https:\/\/meeli.planet.ee\/miastone\/wp-content\/uploads\/2024\/06\/49896611_1104030699784687_8236358242649767936_n-153-768x576.jpg 768w\" sizes=\"auto, (max-width: 960px) 100vw, 960px\" \/><button\n\t\t\tclass=\"lightbox-trigger\"\n\t\t\ttype=\"button\"\n\t\t\taria-haspopup=\"dialog\"\n\t\t\taria-label=\"Enlarge\"\n\t\t\tdata-wp-init=\"callbacks.initTriggerButton\"\n\t\t\tdata-wp-on--click=\"actions.showLightbox\"\n\t\t\tdata-wp-style--right=\"state.imageButtonRight\"\n\t\t\tdata-wp-style--top=\"state.imageButtonTop\"\n\t\t>\n\t\t\t<svg xmlns=\"http:\/\/www.w3.org\/2000\/svg\" width=\"12\" height=\"12\" fill=\"none\" viewBox=\"0 0 12 12\">\n\t\t\t\t<path fill=\"#fff\" d=\"M2 0a2 2 0 0 0-2 2v2h1.5V2a.5.5 0 0 1 .5-.5h2V0H2Zm2 10.5H2a.5.5 0 0 1-.5-.5V8H0v2a2 2 0 0 0 2 2h2v-1.5ZM8 12v-1.5h2a.5.5 0 0 0 .5-.5V8H12v2a2 2 0 0 1-2 2H8Zm2-12a2 2 0 0 1 2 2v2h-1.5V2a.5.5 0 0 0-.5-.5H8V0h2Z\" \/>\n\t\t\t<\/svg>\n\t\t<\/button><\/figure>\n\n\n\n<figure data-wp-context=\"{&quot;imageId&quot;:&quot;69e00951b7d24&quot;}\" data-wp-interactive=\"core\/image\" data-wp-key=\"69e00951b7d24\" class=\"wp-block-image size-large lemmony-animation wp-lightbox-container\" style=\"--lemmony-animation-name:lemmonyFadeInUp\"><img loading=\"lazy\" decoding=\"async\" width=\"960\" height=\"720\" data-wp-class--hide=\"state.isContentHidden\" data-wp-class--show=\"state.isContentVisible\" data-wp-init=\"callbacks.setButtonStyles\" data-wp-on--click=\"actions.showLightbox\" data-wp-on--load=\"callbacks.setButtonStyles\" data-wp-on-window--resize=\"callbacks.setButtonStyles\" data-id=\"72\" src=\"https:\/\/meeli.planet.ee\/miastone\/wp-content\/uploads\/2024\/06\/49948339_1104027796451644_8469964013550174208_n-137.jpg\" alt=\"\" class=\"wp-image-72\" srcset=\"https:\/\/meeli.planet.ee\/miastone\/wp-content\/uploads\/2024\/06\/49948339_1104027796451644_8469964013550174208_n-137.jpg 960w, https:\/\/meeli.planet.ee\/miastone\/wp-content\/uploads\/2024\/06\/49948339_1104027796451644_8469964013550174208_n-137-300x225.jpg 300w, https:\/\/meeli.planet.ee\/miastone\/wp-content\/uploads\/2024\/06\/49948339_1104027796451644_8469964013550174208_n-137-768x576.jpg 768w\" sizes=\"auto, (max-width: 960px) 100vw, 960px\" \/><button\n\t\t\tclass=\"lightbox-trigger\"\n\t\t\ttype=\"button\"\n\t\t\taria-haspopup=\"dialog\"\n\t\t\taria-label=\"Enlarge\"\n\t\t\tdata-wp-init=\"callbacks.initTriggerButton\"\n\t\t\tdata-wp-on--click=\"actions.showLightbox\"\n\t\t\tdata-wp-style--right=\"state.imageButtonRight\"\n\t\t\tdata-wp-style--top=\"state.imageButtonTop\"\n\t\t>\n\t\t\t<svg xmlns=\"http:\/\/www.w3.org\/2000\/svg\" width=\"12\" height=\"12\" fill=\"none\" viewBox=\"0 0 12 12\">\n\t\t\t\t<path fill=\"#fff\" d=\"M2 0a2 2 0 0 0-2 2v2h1.5V2a.5.5 0 0 1 .5-.5h2V0H2Zm2 10.5H2a.5.5 0 0 1-.5-.5V8H0v2a2 2 0 0 0 2 2h2v-1.5ZM8 12v-1.5h2a.5.5 0 0 0 .5-.5V8H12v2a2 2 0 0 1-2 2H8Zm2-12a2 2 0 0 1 2 2v2h-1.5V2a.5.5 0 0 0-.5-.5H8V0h2Z\" \/>\n\t\t\t<\/svg>\n\t\t<\/button><\/figure>\n\n\n\n<figure data-wp-context=\"{&quot;imageId&quot;:&quot;69e00951b8204&quot;}\" data-wp-interactive=\"core\/image\" data-wp-key=\"69e00951b8204\" class=\"wp-block-image size-large lemmony-animation wp-lightbox-container\" style=\"--lemmony-animation-name:lemmonyFadeInUp\"><img loading=\"lazy\" decoding=\"async\" width=\"960\" height=\"720\" data-wp-class--hide=\"state.isContentHidden\" data-wp-class--show=\"state.isContentVisible\" data-wp-init=\"callbacks.setButtonStyles\" data-wp-on--click=\"actions.showLightbox\" data-wp-on--load=\"callbacks.setButtonStyles\" data-wp-on-window--resize=\"callbacks.setButtonStyles\" data-id=\"88\" src=\"https:\/\/meeli.planet.ee\/miastone\/wp-content\/uploads\/2024\/06\/50122867_1104027786451645_2128503826741723136_n-111.jpg\" alt=\"\" class=\"wp-image-88\" srcset=\"https:\/\/meeli.planet.ee\/miastone\/wp-content\/uploads\/2024\/06\/50122867_1104027786451645_2128503826741723136_n-111.jpg 960w, https:\/\/meeli.planet.ee\/miastone\/wp-content\/uploads\/2024\/06\/50122867_1104027786451645_2128503826741723136_n-111-300x225.jpg 300w, https:\/\/meeli.planet.ee\/miastone\/wp-content\/uploads\/2024\/06\/50122867_1104027786451645_2128503826741723136_n-111-768x576.jpg 768w\" sizes=\"auto, (max-width: 960px) 100vw, 960px\" \/><button\n\t\t\tclass=\"lightbox-trigger\"\n\t\t\ttype=\"button\"\n\t\t\taria-haspopup=\"dialog\"\n\t\t\taria-label=\"Enlarge\"\n\t\t\tdata-wp-init=\"callbacks.initTriggerButton\"\n\t\t\tdata-wp-on--click=\"actions.showLightbox\"\n\t\t\tdata-wp-style--right=\"state.imageButtonRight\"\n\t\t\tdata-wp-style--top=\"state.imageButtonTop\"\n\t\t>\n\t\t\t<svg xmlns=\"http:\/\/www.w3.org\/2000\/svg\" width=\"12\" height=\"12\" fill=\"none\" viewBox=\"0 0 12 12\">\n\t\t\t\t<path fill=\"#fff\" d=\"M2 0a2 2 0 0 0-2 2v2h1.5V2a.5.5 0 0 1 .5-.5h2V0H2Zm2 10.5H2a.5.5 0 0 1-.5-.5V8H0v2a2 2 0 0 0 2 2h2v-1.5ZM8 12v-1.5h2a.5.5 0 0 0 .5-.5V8H12v2a2 2 0 0 1-2 2H8Zm2-12a2 2 0 0 1 2 2v2h-1.5V2a.5.5 0 0 0-.5-.5H8V0h2Z\" \/>\n\t\t\t<\/svg>\n\t\t<\/button><\/figure>\n\n\n\n<figure data-wp-context=\"{&quot;imageId&quot;:&quot;69e00951b85fa&quot;}\" data-wp-interactive=\"core\/image\" data-wp-key=\"69e00951b85fa\" class=\"wp-block-image size-large lemmony-animation wp-lightbox-container\" style=\"--lemmony-animation-name:lemmonyFadeInUp\"><img loading=\"lazy\" decoding=\"async\" width=\"960\" height=\"720\" data-wp-class--hide=\"state.isContentHidden\" data-wp-class--show=\"state.isContentVisible\" data-wp-init=\"callbacks.setButtonStyles\" data-wp-on--click=\"actions.showLightbox\" data-wp-on--load=\"callbacks.setButtonStyles\" data-wp-on-window--resize=\"callbacks.setButtonStyles\" data-id=\"92\" src=\"https:\/\/meeli.planet.ee\/miastone\/wp-content\/uploads\/2024\/06\/50226149_1104027886451635_21558596932206592_n-103.jpg\" alt=\"\" class=\"wp-image-92\" srcset=\"https:\/\/meeli.planet.ee\/miastone\/wp-content\/uploads\/2024\/06\/50226149_1104027886451635_21558596932206592_n-103.jpg 960w, https:\/\/meeli.planet.ee\/miastone\/wp-content\/uploads\/2024\/06\/50226149_1104027886451635_21558596932206592_n-103-300x225.jpg 300w, https:\/\/meeli.planet.ee\/miastone\/wp-content\/uploads\/2024\/06\/50226149_1104027886451635_21558596932206592_n-103-768x576.jpg 768w\" sizes=\"auto, (max-width: 960px) 100vw, 960px\" \/><button\n\t\t\tclass=\"lightbox-trigger\"\n\t\t\ttype=\"button\"\n\t\t\taria-haspopup=\"dialog\"\n\t\t\taria-label=\"Enlarge\"\n\t\t\tdata-wp-init=\"callbacks.initTriggerButton\"\n\t\t\tdata-wp-on--click=\"actions.showLightbox\"\n\t\t\tdata-wp-style--right=\"state.imageButtonRight\"\n\t\t\tdata-wp-style--top=\"state.imageButtonTop\"\n\t\t>\n\t\t\t<svg xmlns=\"http:\/\/www.w3.org\/2000\/svg\" width=\"12\" height=\"12\" fill=\"none\" viewBox=\"0 0 12 12\">\n\t\t\t\t<path fill=\"#fff\" d=\"M2 0a2 2 0 0 0-2 2v2h1.5V2a.5.5 0 0 1 .5-.5h2V0H2Zm2 10.5H2a.5.5 0 0 1-.5-.5V8H0v2a2 2 0 0 0 2 2h2v-1.5ZM8 12v-1.5h2a.5.5 0 0 0 .5-.5V8H12v2a2 2 0 0 1-2 2H8Zm2-12a2 2 0 0 1 2 2v2h-1.5V2a.5.5 0 0 0-.5-.5H8V0h2Z\" \/>\n\t\t\t<\/svg>\n\t\t<\/button><\/figure>\n<\/figure>\n","protected":false},"excerpt":{"rendered":"<p>Puidut\u00f6\u00f6d, kipsit\u00f6\u00f6d, soojustamine, plaatimine.<\/p>\n","protected":false},"author":1,"featured_media":0,"parent":0,"menu_order":0,"comment_status":"closed","ping_status":"closed","template":"","meta":{"footnotes":""},"class_list":["post-124","page","type-page","status-publish","hentry"],"_links":{"self":[{"href":"https:\/\/meeli.planet.ee\/miastone\/wp-json\/wp\/v2\/pages\/124","targetHints":{"allow":["GET"]}}],"collection":[{"href":"https:\/\/meeli.planet.ee\/miastone\/wp-json\/wp\/v2\/pages"}],"about":[{"href":"https:\/\/meeli.planet.ee\/miastone\/wp-json\/wp\/v2\/types\/page"}],"author":[{"embeddable":true,"href":"https:\/\/meeli.planet.ee\/miastone\/wp-json\/wp\/v2\/users\/1"}],"replies":[{"embeddable":true,"href":"https:\/\/meeli.planet.ee\/miastone\/wp-json\/wp\/v2\/comments?post=124"}],"version-history":[{"count":2,"href":"https:\/\/meeli.planet.ee\/miastone\/wp-json\/wp\/v2\/pages\/124\/revisions"}],"predecessor-version":[{"id":152,"href":"https:\/\/meeli.planet.ee\/miastone\/wp-json\/wp\/v2\/pages\/124\/revisions\/152"}],"wp:attachment":[{"href":"https:\/\/meeli.planet.ee\/miastone\/wp-json\/wp\/v2\/media?parent=124"}],"curies":[{"name":"wp","href":"https:\/\/api.w.org\/{rel}","templated":true}]}}