{"id":122,"date":"2024-06-01T12:45:09","date_gmt":"2024-06-01T12:45:09","guid":{"rendered":"https:\/\/meeli.planet.ee\/miastone\/?page_id=122"},"modified":"2024-06-01T13:18:17","modified_gmt":"2024-06-01T13:18:17","slug":"betoonitood","status":"publish","type":"page","link":"https:\/\/meeli.planet.ee\/miastone\/betoonitood\/","title":{"rendered":"Betoonit\u00f6\u00f6d"},"content":{"rendered":"\n<p class=\"has-text-align-center\">Valame erinevaid m\u00fc\u00fcre ja vundamente.<br>Betoonp\u00f5randate ettevalmistus t\u00f6\u00f6d, tasandus, soojustus, kile, armeerimine.<\/p>\n\n\n\n<figure class=\"wp-block-gallery has-nested-images columns-default is-cropped wp-block-gallery-1 is-layout-flex wp-block-gallery-is-layout-flex\">\n<figure data-wp-context=\"{&quot;imageId&quot;:&quot;69e009511a60a&quot;}\" data-wp-interactive=\"core\/image\" data-wp-key=\"69e009511a60a\" class=\"wp-block-image size-large lemmony-animation wp-lightbox-container\" style=\"--lemmony-animation-name:lemmonyFadeInUp\"><img loading=\"lazy\" decoding=\"async\" width=\"960\" height=\"720\" data-wp-class--hide=\"state.isContentHidden\" data-wp-class--show=\"state.isContentVisible\" data-wp-init=\"callbacks.setButtonStyles\" data-wp-on--click=\"actions.showLightbox\" data-wp-on--load=\"callbacks.setButtonStyles\" data-wp-on-window--resize=\"callbacks.setButtonStyles\" data-id=\"55\" src=\"https:\/\/meeli.planet.ee\/miastone\/wp-content\/uploads\/2024\/06\/49827708_1104026689785088_2169476126823415808_n-161.jpg\" alt=\"\" class=\"wp-image-55\" srcset=\"https:\/\/meeli.planet.ee\/miastone\/wp-content\/uploads\/2024\/06\/49827708_1104026689785088_2169476126823415808_n-161.jpg 960w, https:\/\/meeli.planet.ee\/miastone\/wp-content\/uploads\/2024\/06\/49827708_1104026689785088_2169476126823415808_n-161-300x225.jpg 300w, https:\/\/meeli.planet.ee\/miastone\/wp-content\/uploads\/2024\/06\/49827708_1104026689785088_2169476126823415808_n-161-768x576.jpg 768w\" sizes=\"auto, (max-width: 960px) 100vw, 960px\" \/><button\n\t\t\tclass=\"lightbox-trigger\"\n\t\t\ttype=\"button\"\n\t\t\taria-haspopup=\"dialog\"\n\t\t\taria-label=\"Enlarge\"\n\t\t\tdata-wp-init=\"callbacks.initTriggerButton\"\n\t\t\tdata-wp-on--click=\"actions.showLightbox\"\n\t\t\tdata-wp-style--right=\"state.imageButtonRight\"\n\t\t\tdata-wp-style--top=\"state.imageButtonTop\"\n\t\t>\n\t\t\t<svg xmlns=\"http:\/\/www.w3.org\/2000\/svg\" width=\"12\" height=\"12\" fill=\"none\" viewBox=\"0 0 12 12\">\n\t\t\t\t<path fill=\"#fff\" d=\"M2 0a2 2 0 0 0-2 2v2h1.5V2a.5.5 0 0 1 .5-.5h2V0H2Zm2 10.5H2a.5.5 0 0 1-.5-.5V8H0v2a2 2 0 0 0 2 2h2v-1.5ZM8 12v-1.5h2a.5.5 0 0 0 .5-.5V8H12v2a2 2 0 0 1-2 2H8Zm2-12a2 2 0 0 1 2 2v2h-1.5V2a.5.5 0 0 0-.5-.5H8V0h2Z\" \/>\n\t\t\t<\/svg>\n\t\t<\/button><\/figure>\n\n\n\n<figure data-wp-context=\"{&quot;imageId&quot;:&quot;69e009511a9c1&quot;}\" data-wp-interactive=\"core\/image\" data-wp-key=\"69e009511a9c1\" class=\"wp-block-image size-large lemmony-animation wp-lightbox-container\" style=\"--lemmony-animation-name:lemmonyFadeInUp\"><img loading=\"lazy\" decoding=\"async\" width=\"960\" height=\"720\" data-wp-class--hide=\"state.isContentHidden\" data-wp-class--show=\"state.isContentVisible\" data-wp-init=\"callbacks.setButtonStyles\" data-wp-on--click=\"actions.showLightbox\" data-wp-on--load=\"callbacks.setButtonStyles\" data-wp-on-window--resize=\"callbacks.setButtonStyles\" data-id=\"56\" src=\"https:\/\/meeli.planet.ee\/miastone\/wp-content\/uploads\/2024\/06\/49845077_1104026516451772_7808302070850650112_n-159.jpg\" alt=\"\" class=\"wp-image-56\" srcset=\"https:\/\/meeli.planet.ee\/miastone\/wp-content\/uploads\/2024\/06\/49845077_1104026516451772_7808302070850650112_n-159.jpg 960w, https:\/\/meeli.planet.ee\/miastone\/wp-content\/uploads\/2024\/06\/49845077_1104026516451772_7808302070850650112_n-159-300x225.jpg 300w, https:\/\/meeli.planet.ee\/miastone\/wp-content\/uploads\/2024\/06\/49845077_1104026516451772_7808302070850650112_n-159-768x576.jpg 768w\" sizes=\"auto, (max-width: 960px) 100vw, 960px\" \/><button\n\t\t\tclass=\"lightbox-trigger\"\n\t\t\ttype=\"button\"\n\t\t\taria-haspopup=\"dialog\"\n\t\t\taria-label=\"Enlarge\"\n\t\t\tdata-wp-init=\"callbacks.initTriggerButton\"\n\t\t\tdata-wp-on--click=\"actions.showLightbox\"\n\t\t\tdata-wp-style--right=\"state.imageButtonRight\"\n\t\t\tdata-wp-style--top=\"state.imageButtonTop\"\n\t\t>\n\t\t\t<svg xmlns=\"http:\/\/www.w3.org\/2000\/svg\" width=\"12\" height=\"12\" fill=\"none\" viewBox=\"0 0 12 12\">\n\t\t\t\t<path fill=\"#fff\" d=\"M2 0a2 2 0 0 0-2 2v2h1.5V2a.5.5 0 0 1 .5-.5h2V0H2Zm2 10.5H2a.5.5 0 0 1-.5-.5V8H0v2a2 2 0 0 0 2 2h2v-1.5ZM8 12v-1.5h2a.5.5 0 0 0 .5-.5V8H12v2a2 2 0 0 1-2 2H8Zm2-12a2 2 0 0 1 2 2v2h-1.5V2a.5.5 0 0 0-.5-.5H8V0h2Z\" \/>\n\t\t\t<\/svg>\n\t\t<\/button><\/figure>\n\n\n\n<figure data-wp-context=\"{&quot;imageId&quot;:&quot;69e009511ac79&quot;}\" data-wp-interactive=\"core\/image\" data-wp-key=\"69e009511ac79\" class=\"wp-block-image size-large lemmony-animation wp-lightbox-container\" style=\"--lemmony-animation-name:lemmonyFadeInUp\"><img loading=\"lazy\" decoding=\"async\" width=\"960\" height=\"720\" data-wp-class--hide=\"state.isContentHidden\" data-wp-class--show=\"state.isContentVisible\" data-wp-init=\"callbacks.setButtonStyles\" data-wp-on--click=\"actions.showLightbox\" data-wp-on--load=\"callbacks.setButtonStyles\" data-wp-on-window--resize=\"callbacks.setButtonStyles\" data-id=\"27\" src=\"https:\/\/meeli.planet.ee\/miastone\/wp-content\/uploads\/2024\/06\/50574131_1104026526451771_5384699334782615552_n-77.jpg\" alt=\"\" class=\"wp-image-27\" srcset=\"https:\/\/meeli.planet.ee\/miastone\/wp-content\/uploads\/2024\/06\/50574131_1104026526451771_5384699334782615552_n-77.jpg 960w, https:\/\/meeli.planet.ee\/miastone\/wp-content\/uploads\/2024\/06\/50574131_1104026526451771_5384699334782615552_n-77-300x225.jpg 300w, https:\/\/meeli.planet.ee\/miastone\/wp-content\/uploads\/2024\/06\/50574131_1104026526451771_5384699334782615552_n-77-768x576.jpg 768w\" sizes=\"auto, (max-width: 960px) 100vw, 960px\" \/><button\n\t\t\tclass=\"lightbox-trigger\"\n\t\t\ttype=\"button\"\n\t\t\taria-haspopup=\"dialog\"\n\t\t\taria-label=\"Enlarge\"\n\t\t\tdata-wp-init=\"callbacks.initTriggerButton\"\n\t\t\tdata-wp-on--click=\"actions.showLightbox\"\n\t\t\tdata-wp-style--right=\"state.imageButtonRight\"\n\t\t\tdata-wp-style--top=\"state.imageButtonTop\"\n\t\t>\n\t\t\t<svg xmlns=\"http:\/\/www.w3.org\/2000\/svg\" width=\"12\" height=\"12\" fill=\"none\" viewBox=\"0 0 12 12\">\n\t\t\t\t<path fill=\"#fff\" d=\"M2 0a2 2 0 0 0-2 2v2h1.5V2a.5.5 0 0 1 .5-.5h2V0H2Zm2 10.5H2a.5.5 0 0 1-.5-.5V8H0v2a2 2 0 0 0 2 2h2v-1.5ZM8 12v-1.5h2a.5.5 0 0 0 .5-.5V8H12v2a2 2 0 0 1-2 2H8Zm2-12a2 2 0 0 1 2 2v2h-1.5V2a.5.5 0 0 0-.5-.5H8V0h2Z\" \/>\n\t\t\t<\/svg>\n\t\t<\/button><\/figure>\n\n\n\n<figure data-wp-context=\"{&quot;imageId&quot;:&quot;69e009511af51&quot;}\" data-wp-interactive=\"core\/image\" data-wp-key=\"69e009511af51\" class=\"wp-block-image size-large lemmony-animation wp-lightbox-container\" style=\"--lemmony-animation-name:lemmonyFadeInUp\"><img loading=\"lazy\" decoding=\"async\" width=\"960\" height=\"540\" data-wp-class--hide=\"state.isContentHidden\" data-wp-class--show=\"state.isContentVisible\" data-wp-init=\"callbacks.setButtonStyles\" data-wp-on--click=\"actions.showLightbox\" data-wp-on--load=\"callbacks.setButtonStyles\" data-wp-on-window--resize=\"callbacks.setButtonStyles\" data-id=\"64\" src=\"https:\/\/meeli.planet.ee\/miastone\/wp-content\/uploads\/2024\/06\/49899917_1103992363121854_8410327915903844352_n-63.jpg\" alt=\"\" class=\"wp-image-64\" srcset=\"https:\/\/meeli.planet.ee\/miastone\/wp-content\/uploads\/2024\/06\/49899917_1103992363121854_8410327915903844352_n-63.jpg 960w, https:\/\/meeli.planet.ee\/miastone\/wp-content\/uploads\/2024\/06\/49899917_1103992363121854_8410327915903844352_n-63-300x169.jpg 300w, https:\/\/meeli.planet.ee\/miastone\/wp-content\/uploads\/2024\/06\/49899917_1103992363121854_8410327915903844352_n-63-768x432.jpg 768w\" sizes=\"auto, (max-width: 960px) 100vw, 960px\" \/><button\n\t\t\tclass=\"lightbox-trigger\"\n\t\t\ttype=\"button\"\n\t\t\taria-haspopup=\"dialog\"\n\t\t\taria-label=\"Enlarge\"\n\t\t\tdata-wp-init=\"callbacks.initTriggerButton\"\n\t\t\tdata-wp-on--click=\"actions.showLightbox\"\n\t\t\tdata-wp-style--right=\"state.imageButtonRight\"\n\t\t\tdata-wp-style--top=\"state.imageButtonTop\"\n\t\t>\n\t\t\t<svg xmlns=\"http:\/\/www.w3.org\/2000\/svg\" width=\"12\" height=\"12\" fill=\"none\" viewBox=\"0 0 12 12\">\n\t\t\t\t<path fill=\"#fff\" d=\"M2 0a2 2 0 0 0-2 2v2h1.5V2a.5.5 0 0 1 .5-.5h2V0H2Zm2 10.5H2a.5.5 0 0 1-.5-.5V8H0v2a2 2 0 0 0 2 2h2v-1.5ZM8 12v-1.5h2a.5.5 0 0 0 .5-.5V8H12v2a2 2 0 0 1-2 2H8Zm2-12a2 2 0 0 1 2 2v2h-1.5V2a.5.5 0 0 0-.5-.5H8V0h2Z\" \/>\n\t\t\t<\/svg>\n\t\t<\/button><\/figure>\n\n\n\n<figure data-wp-context=\"{&quot;imageId&quot;:&quot;69e009511b29e&quot;}\" data-wp-interactive=\"core\/image\" data-wp-key=\"69e009511b29e\" class=\"wp-block-image size-large lemmony-animation wp-lightbox-container\" style=\"--lemmony-animation-name:lemmonyFadeInUp\"><img loading=\"lazy\" decoding=\"async\" width=\"960\" height=\"540\" data-wp-class--hide=\"state.isContentHidden\" data-wp-class--show=\"state.isContentVisible\" data-wp-init=\"callbacks.setButtonStyles\" data-wp-on--click=\"actions.showLightbox\" data-wp-on--load=\"callbacks.setButtonStyles\" data-wp-on-window--resize=\"callbacks.setButtonStyles\" data-id=\"40\" src=\"https:\/\/meeli.planet.ee\/miastone\/wp-content\/uploads\/2024\/06\/49674096_1104032096451214_727735547782496256_n-179.jpg\" alt=\"\" class=\"wp-image-40\" srcset=\"https:\/\/meeli.planet.ee\/miastone\/wp-content\/uploads\/2024\/06\/49674096_1104032096451214_727735547782496256_n-179.jpg 960w, https:\/\/meeli.planet.ee\/miastone\/wp-content\/uploads\/2024\/06\/49674096_1104032096451214_727735547782496256_n-179-300x169.jpg 300w, https:\/\/meeli.planet.ee\/miastone\/wp-content\/uploads\/2024\/06\/49674096_1104032096451214_727735547782496256_n-179-768x432.jpg 768w\" sizes=\"auto, (max-width: 960px) 100vw, 960px\" \/><button\n\t\t\tclass=\"lightbox-trigger\"\n\t\t\ttype=\"button\"\n\t\t\taria-haspopup=\"dialog\"\n\t\t\taria-label=\"Enlarge\"\n\t\t\tdata-wp-init=\"callbacks.initTriggerButton\"\n\t\t\tdata-wp-on--click=\"actions.showLightbox\"\n\t\t\tdata-wp-style--right=\"state.imageButtonRight\"\n\t\t\tdata-wp-style--top=\"state.imageButtonTop\"\n\t\t>\n\t\t\t<svg xmlns=\"http:\/\/www.w3.org\/2000\/svg\" width=\"12\" height=\"12\" fill=\"none\" viewBox=\"0 0 12 12\">\n\t\t\t\t<path fill=\"#fff\" d=\"M2 0a2 2 0 0 0-2 2v2h1.5V2a.5.5 0 0 1 .5-.5h2V0H2Zm2 10.5H2a.5.5 0 0 1-.5-.5V8H0v2a2 2 0 0 0 2 2h2v-1.5ZM8 12v-1.5h2a.5.5 0 0 0 .5-.5V8H12v2a2 2 0 0 1-2 2H8Zm2-12a2 2 0 0 1 2 2v2h-1.5V2a.5.5 0 0 0-.5-.5H8V0h2Z\" \/>\n\t\t\t<\/svg>\n\t\t<\/button><\/figure>\n\n\n\n<figure data-wp-context=\"{&quot;imageId&quot;:&quot;69e009511b657&quot;}\" data-wp-interactive=\"core\/image\" data-wp-key=\"69e009511b657\" class=\"wp-block-image size-large lemmony-animation wp-lightbox-container\" style=\"--lemmony-animation-name:lemmonyFadeInUp\"><img loading=\"lazy\" decoding=\"async\" width=\"562\" height=\"960\" data-wp-class--hide=\"state.isContentHidden\" data-wp-class--show=\"state.isContentVisible\" data-wp-init=\"callbacks.setButtonStyles\" data-wp-on--click=\"actions.showLightbox\" data-wp-on--load=\"callbacks.setButtonStyles\" data-wp-on-window--resize=\"callbacks.setButtonStyles\" data-id=\"110\" src=\"https:\/\/meeli.planet.ee\/miastone\/wp-content\/uploads\/2024\/06\/50565938_1104004786453945_3373476973106954240_n-65.jpg\" alt=\"\" class=\"wp-image-110\" srcset=\"https:\/\/meeli.planet.ee\/miastone\/wp-content\/uploads\/2024\/06\/50565938_1104004786453945_3373476973106954240_n-65.jpg 562w, https:\/\/meeli.planet.ee\/miastone\/wp-content\/uploads\/2024\/06\/50565938_1104004786453945_3373476973106954240_n-65-176x300.jpg 176w\" sizes=\"auto, (max-width: 562px) 100vw, 562px\" \/><button\n\t\t\tclass=\"lightbox-trigger\"\n\t\t\ttype=\"button\"\n\t\t\taria-haspopup=\"dialog\"\n\t\t\taria-label=\"Enlarge\"\n\t\t\tdata-wp-init=\"callbacks.initTriggerButton\"\n\t\t\tdata-wp-on--click=\"actions.showLightbox\"\n\t\t\tdata-wp-style--right=\"state.imageButtonRight\"\n\t\t\tdata-wp-style--top=\"state.imageButtonTop\"\n\t\t>\n\t\t\t<svg xmlns=\"http:\/\/www.w3.org\/2000\/svg\" width=\"12\" height=\"12\" fill=\"none\" viewBox=\"0 0 12 12\">\n\t\t\t\t<path fill=\"#fff\" d=\"M2 0a2 2 0 0 0-2 2v2h1.5V2a.5.5 0 0 1 .5-.5h2V0H2Zm2 10.5H2a.5.5 0 0 1-.5-.5V8H0v2a2 2 0 0 0 2 2h2v-1.5ZM8 12v-1.5h2a.5.5 0 0 0 .5-.5V8H12v2a2 2 0 0 1-2 2H8Zm2-12a2 2 0 0 1 2 2v2h-1.5V2a.5.5 0 0 0-.5-.5H8V0h2Z\" \/>\n\t\t\t<\/svg>\n\t\t<\/button><\/figure>\n\n\n\n<figure data-wp-context=\"{&quot;imageId&quot;:&quot;69e009511b93e&quot;}\" data-wp-interactive=\"core\/image\" data-wp-key=\"69e009511b93e\" class=\"wp-block-image size-large lemmony-animation wp-lightbox-container\" style=\"--lemmony-animation-name:lemmonyFadeInUp\"><img loading=\"lazy\" decoding=\"async\" width=\"720\" height=\"960\" data-wp-class--hide=\"state.isContentHidden\" data-wp-class--show=\"state.isContentVisible\" data-wp-init=\"callbacks.setButtonStyles\" data-wp-on--click=\"actions.showLightbox\" data-wp-on--load=\"callbacks.setButtonStyles\" data-wp-on-window--resize=\"callbacks.setButtonStyles\" data-id=\"80\" src=\"https:\/\/meeli.planet.ee\/miastone\/wp-content\/uploads\/2024\/06\/50071374_1104026789785078_3664317808906338304_n-123.jpg\" alt=\"\" class=\"wp-image-80\" srcset=\"https:\/\/meeli.planet.ee\/miastone\/wp-content\/uploads\/2024\/06\/50071374_1104026789785078_3664317808906338304_n-123.jpg 720w, https:\/\/meeli.planet.ee\/miastone\/wp-content\/uploads\/2024\/06\/50071374_1104026789785078_3664317808906338304_n-123-225x300.jpg 225w\" sizes=\"auto, (max-width: 720px) 100vw, 720px\" \/><button\n\t\t\tclass=\"lightbox-trigger\"\n\t\t\ttype=\"button\"\n\t\t\taria-haspopup=\"dialog\"\n\t\t\taria-label=\"Enlarge\"\n\t\t\tdata-wp-init=\"callbacks.initTriggerButton\"\n\t\t\tdata-wp-on--click=\"actions.showLightbox\"\n\t\t\tdata-wp-style--right=\"state.imageButtonRight\"\n\t\t\tdata-wp-style--top=\"state.imageButtonTop\"\n\t\t>\n\t\t\t<svg xmlns=\"http:\/\/www.w3.org\/2000\/svg\" width=\"12\" height=\"12\" fill=\"none\" viewBox=\"0 0 12 12\">\n\t\t\t\t<path fill=\"#fff\" d=\"M2 0a2 2 0 0 0-2 2v2h1.5V2a.5.5 0 0 1 .5-.5h2V0H2Zm2 10.5H2a.5.5 0 0 1-.5-.5V8H0v2a2 2 0 0 0 2 2h2v-1.5ZM8 12v-1.5h2a.5.5 0 0 0 .5-.5V8H12v2a2 2 0 0 1-2 2H8Zm2-12a2 2 0 0 1 2 2v2h-1.5V2a.5.5 0 0 0-.5-.5H8V0h2Z\" \/>\n\t\t\t<\/svg>\n\t\t<\/button><\/figure>\n\n\n\n<figure data-wp-context=\"{&quot;imageId&quot;:&quot;69e009511bb50&quot;}\" data-wp-interactive=\"core\/image\" data-wp-key=\"69e009511bb50\" class=\"wp-block-image size-large lemmony-animation wp-lightbox-container\" style=\"--lemmony-animation-name:lemmonyFadeInUp\"><img loading=\"lazy\" decoding=\"async\" width=\"720\" height=\"960\" data-wp-class--hide=\"state.isContentHidden\" data-wp-class--show=\"state.isContentVisible\" data-wp-init=\"callbacks.setButtonStyles\" data-wp-on--click=\"actions.showLightbox\" data-wp-on--load=\"callbacks.setButtonStyles\" data-wp-on-window--resize=\"callbacks.setButtonStyles\" data-id=\"81\" src=\"https:\/\/meeli.planet.ee\/miastone\/wp-content\/uploads\/2024\/06\/50072420_1104026793118411_3569069843896336384_n-121.jpg\" alt=\"\" class=\"wp-image-81\" srcset=\"https:\/\/meeli.planet.ee\/miastone\/wp-content\/uploads\/2024\/06\/50072420_1104026793118411_3569069843896336384_n-121.jpg 720w, https:\/\/meeli.planet.ee\/miastone\/wp-content\/uploads\/2024\/06\/50072420_1104026793118411_3569069843896336384_n-121-225x300.jpg 225w\" sizes=\"auto, (max-width: 720px) 100vw, 720px\" \/><button\n\t\t\tclass=\"lightbox-trigger\"\n\t\t\ttype=\"button\"\n\t\t\taria-haspopup=\"dialog\"\n\t\t\taria-label=\"Enlarge\"\n\t\t\tdata-wp-init=\"callbacks.initTriggerButton\"\n\t\t\tdata-wp-on--click=\"actions.showLightbox\"\n\t\t\tdata-wp-style--right=\"state.imageButtonRight\"\n\t\t\tdata-wp-style--top=\"state.imageButtonTop\"\n\t\t>\n\t\t\t<svg xmlns=\"http:\/\/www.w3.org\/2000\/svg\" width=\"12\" height=\"12\" fill=\"none\" viewBox=\"0 0 12 12\">\n\t\t\t\t<path fill=\"#fff\" d=\"M2 0a2 2 0 0 0-2 2v2h1.5V2a.5.5 0 0 1 .5-.5h2V0H2Zm2 10.5H2a.5.5 0 0 1-.5-.5V8H0v2a2 2 0 0 0 2 2h2v-1.5ZM8 12v-1.5h2a.5.5 0 0 0 .5-.5V8H12v2a2 2 0 0 1-2 2H8Zm2-12a2 2 0 0 1 2 2v2h-1.5V2a.5.5 0 0 0-.5-.5H8V0h2Z\" \/>\n\t\t\t<\/svg>\n\t\t<\/button><\/figure>\n\n\n\n<figure data-wp-context=\"{&quot;imageId&quot;:&quot;69e009511be63&quot;}\" data-wp-interactive=\"core\/image\" data-wp-key=\"69e009511be63\" class=\"wp-block-image size-large lemmony-animation wp-lightbox-container\" style=\"--lemmony-animation-name:lemmonyFadeInUp\"><img loading=\"lazy\" decoding=\"async\" width=\"562\" height=\"960\" data-wp-class--hide=\"state.isContentHidden\" data-wp-class--show=\"state.isContentVisible\" data-wp-init=\"callbacks.setButtonStyles\" data-wp-on--click=\"actions.showLightbox\" data-wp-on--load=\"callbacks.setButtonStyles\" data-wp-on-window--resize=\"callbacks.setButtonStyles\" data-id=\"34\" src=\"https:\/\/meeli.planet.ee\/miastone\/wp-content\/uploads\/2024\/06\/49260457_1104004796453944_4863753766379192320_n-57.jpg\" alt=\"\" class=\"wp-image-34\" srcset=\"https:\/\/meeli.planet.ee\/miastone\/wp-content\/uploads\/2024\/06\/49260457_1104004796453944_4863753766379192320_n-57.jpg 562w, https:\/\/meeli.planet.ee\/miastone\/wp-content\/uploads\/2024\/06\/49260457_1104004796453944_4863753766379192320_n-57-176x300.jpg 176w\" sizes=\"auto, (max-width: 562px) 100vw, 562px\" \/><button\n\t\t\tclass=\"lightbox-trigger\"\n\t\t\ttype=\"button\"\n\t\t\taria-haspopup=\"dialog\"\n\t\t\taria-label=\"Enlarge\"\n\t\t\tdata-wp-init=\"callbacks.initTriggerButton\"\n\t\t\tdata-wp-on--click=\"actions.showLightbox\"\n\t\t\tdata-wp-style--right=\"state.imageButtonRight\"\n\t\t\tdata-wp-style--top=\"state.imageButtonTop\"\n\t\t>\n\t\t\t<svg xmlns=\"http:\/\/www.w3.org\/2000\/svg\" width=\"12\" height=\"12\" fill=\"none\" viewBox=\"0 0 12 12\">\n\t\t\t\t<path fill=\"#fff\" d=\"M2 0a2 2 0 0 0-2 2v2h1.5V2a.5.5 0 0 1 .5-.5h2V0H2Zm2 10.5H2a.5.5 0 0 1-.5-.5V8H0v2a2 2 0 0 0 2 2h2v-1.5ZM8 12v-1.5h2a.5.5 0 0 0 .5-.5V8H12v2a2 2 0 0 1-2 2H8Zm2-12a2 2 0 0 1 2 2v2h-1.5V2a.5.5 0 0 0-.5-.5H8V0h2Z\" \/>\n\t\t\t<\/svg>\n\t\t<\/button><\/figure>\n\n\n\n<figure data-wp-context=\"{&quot;imageId&quot;:&quot;69e009511c2c6&quot;}\" data-wp-interactive=\"core\/image\" data-wp-key=\"69e009511c2c6\" class=\"wp-block-image size-large lemmony-animation wp-lightbox-container\" style=\"--lemmony-animation-name:lemmonyFadeInUp\"><img loading=\"lazy\" decoding=\"async\" width=\"540\" height=\"960\" data-wp-class--hide=\"state.isContentHidden\" data-wp-class--show=\"state.isContentVisible\" data-wp-init=\"callbacks.setButtonStyles\" data-wp-on--click=\"actions.showLightbox\" data-wp-on--load=\"callbacks.setButtonStyles\" data-wp-on-window--resize=\"callbacks.setButtonStyles\" data-id=\"98\" src=\"https:\/\/meeli.planet.ee\/miastone\/wp-content\/uploads\/2024\/06\/50291343_1104032089784548_8317770494501715968_n-95.jpg\" alt=\"\" class=\"wp-image-98\" srcset=\"https:\/\/meeli.planet.ee\/miastone\/wp-content\/uploads\/2024\/06\/50291343_1104032089784548_8317770494501715968_n-95.jpg 540w, https:\/\/meeli.planet.ee\/miastone\/wp-content\/uploads\/2024\/06\/50291343_1104032089784548_8317770494501715968_n-95-169x300.jpg 169w\" sizes=\"auto, (max-width: 540px) 100vw, 540px\" \/><button\n\t\t\tclass=\"lightbox-trigger\"\n\t\t\ttype=\"button\"\n\t\t\taria-haspopup=\"dialog\"\n\t\t\taria-label=\"Enlarge\"\n\t\t\tdata-wp-init=\"callbacks.initTriggerButton\"\n\t\t\tdata-wp-on--click=\"actions.showLightbox\"\n\t\t\tdata-wp-style--right=\"state.imageButtonRight\"\n\t\t\tdata-wp-style--top=\"state.imageButtonTop\"\n\t\t>\n\t\t\t<svg xmlns=\"http:\/\/www.w3.org\/2000\/svg\" width=\"12\" height=\"12\" fill=\"none\" viewBox=\"0 0 12 12\">\n\t\t\t\t<path fill=\"#fff\" d=\"M2 0a2 2 0 0 0-2 2v2h1.5V2a.5.5 0 0 1 .5-.5h2V0H2Zm2 10.5H2a.5.5 0 0 1-.5-.5V8H0v2a2 2 0 0 0 2 2h2v-1.5ZM8 12v-1.5h2a.5.5 0 0 0 .5-.5V8H12v2a2 2 0 0 1-2 2H8Zm2-12a2 2 0 0 1 2 2v2h-1.5V2a.5.5 0 0 0-.5-.5H8V0h2Z\" \/>\n\t\t\t<\/svg>\n\t\t<\/button><\/figure>\n\n\n\n<figure data-wp-context=\"{&quot;imageId&quot;:&quot;69e009511c670&quot;}\" data-wp-interactive=\"core\/image\" data-wp-key=\"69e009511c670\" class=\"wp-block-image size-large lemmony-animation wp-lightbox-container\" style=\"--lemmony-animation-name:lemmonyFadeInUp\"><img loading=\"lazy\" decoding=\"async\" width=\"562\" height=\"960\" data-wp-class--hide=\"state.isContentHidden\" data-wp-class--show=\"state.isContentVisible\" data-wp-init=\"callbacks.setButtonStyles\" data-wp-on--click=\"actions.showLightbox\" data-wp-on--load=\"callbacks.setButtonStyles\" data-wp-on-window--resize=\"callbacks.setButtonStyles\" data-id=\"49\" src=\"https:\/\/meeli.planet.ee\/miastone\/wp-content\/uploads\/2024\/06\/49781702_1104004789787278_7484899584741736448_n-59.jpg\" alt=\"\" class=\"wp-image-49\" srcset=\"https:\/\/meeli.planet.ee\/miastone\/wp-content\/uploads\/2024\/06\/49781702_1104004789787278_7484899584741736448_n-59.jpg 562w, https:\/\/meeli.planet.ee\/miastone\/wp-content\/uploads\/2024\/06\/49781702_1104004789787278_7484899584741736448_n-59-176x300.jpg 176w\" sizes=\"auto, (max-width: 562px) 100vw, 562px\" \/><button\n\t\t\tclass=\"lightbox-trigger\"\n\t\t\ttype=\"button\"\n\t\t\taria-haspopup=\"dialog\"\n\t\t\taria-label=\"Enlarge\"\n\t\t\tdata-wp-init=\"callbacks.initTriggerButton\"\n\t\t\tdata-wp-on--click=\"actions.showLightbox\"\n\t\t\tdata-wp-style--right=\"state.imageButtonRight\"\n\t\t\tdata-wp-style--top=\"state.imageButtonTop\"\n\t\t>\n\t\t\t<svg xmlns=\"http:\/\/www.w3.org\/2000\/svg\" width=\"12\" height=\"12\" fill=\"none\" viewBox=\"0 0 12 12\">\n\t\t\t\t<path fill=\"#fff\" d=\"M2 0a2 2 0 0 0-2 2v2h1.5V2a.5.5 0 0 1 .5-.5h2V0H2Zm2 10.5H2a.5.5 0 0 1-.5-.5V8H0v2a2 2 0 0 0 2 2h2v-1.5ZM8 12v-1.5h2a.5.5 0 0 0 .5-.5V8H12v2a2 2 0 0 1-2 2H8Zm2-12a2 2 0 0 1 2 2v2h-1.5V2a.5.5 0 0 0-.5-.5H8V0h2Z\" \/>\n\t\t\t<\/svg>\n\t\t<\/button><\/figure>\n\n\n\n<figure data-wp-context=\"{&quot;imageId&quot;:&quot;69e009511caa1&quot;}\" data-wp-interactive=\"core\/image\" data-wp-key=\"69e009511caa1\" class=\"wp-block-image size-large lemmony-animation wp-lightbox-container\" style=\"--lemmony-animation-name:lemmonyFadeInUp\"><img loading=\"lazy\" decoding=\"async\" width=\"562\" height=\"960\" data-wp-class--hide=\"state.isContentHidden\" data-wp-class--show=\"state.isContentVisible\" data-wp-init=\"callbacks.setButtonStyles\" data-wp-on--click=\"actions.showLightbox\" data-wp-on--load=\"callbacks.setButtonStyles\" data-wp-on-window--resize=\"callbacks.setButtonStyles\" data-id=\"53\" src=\"https:\/\/meeli.planet.ee\/miastone\/wp-content\/uploads\/2024\/06\/49800314_1104004763120614_4256258890359898112_n-61.jpg\" alt=\"\" class=\"wp-image-53\" srcset=\"https:\/\/meeli.planet.ee\/miastone\/wp-content\/uploads\/2024\/06\/49800314_1104004763120614_4256258890359898112_n-61.jpg 562w, https:\/\/meeli.planet.ee\/miastone\/wp-content\/uploads\/2024\/06\/49800314_1104004763120614_4256258890359898112_n-61-176x300.jpg 176w\" sizes=\"auto, (max-width: 562px) 100vw, 562px\" \/><button\n\t\t\tclass=\"lightbox-trigger\"\n\t\t\ttype=\"button\"\n\t\t\taria-haspopup=\"dialog\"\n\t\t\taria-label=\"Enlarge\"\n\t\t\tdata-wp-init=\"callbacks.initTriggerButton\"\n\t\t\tdata-wp-on--click=\"actions.showLightbox\"\n\t\t\tdata-wp-style--right=\"state.imageButtonRight\"\n\t\t\tdata-wp-style--top=\"state.imageButtonTop\"\n\t\t>\n\t\t\t<svg xmlns=\"http:\/\/www.w3.org\/2000\/svg\" width=\"12\" height=\"12\" fill=\"none\" viewBox=\"0 0 12 12\">\n\t\t\t\t<path fill=\"#fff\" d=\"M2 0a2 2 0 0 0-2 2v2h1.5V2a.5.5 0 0 1 .5-.5h2V0H2Zm2 10.5H2a.5.5 0 0 1-.5-.5V8H0v2a2 2 0 0 0 2 2h2v-1.5ZM8 12v-1.5h2a.5.5 0 0 0 .5-.5V8H12v2a2 2 0 0 1-2 2H8Zm2-12a2 2 0 0 1 2 2v2h-1.5V2a.5.5 0 0 0-.5-.5H8V0h2Z\" \/>\n\t\t\t<\/svg>\n\t\t<\/button><\/figure>\n<\/figure>\n","protected":false},"excerpt":{"rendered":"<p>Valame erinevaid m\u00fc\u00fcre ja vundamente.Betoonp\u00f5randate ettevalmistus t\u00f6\u00f6d, tasandus, soojustus, kile, armeerimine.<\/p>\n","protected":false},"author":1,"featured_media":0,"parent":0,"menu_order":0,"comment_status":"closed","ping_status":"closed","template":"","meta":{"footnotes":""},"class_list":["post-122","page","type-page","status-publish","hentry"],"_links":{"self":[{"href":"https:\/\/meeli.planet.ee\/miastone\/wp-json\/wp\/v2\/pages\/122","targetHints":{"allow":["GET"]}}],"collection":[{"href":"https:\/\/meeli.planet.ee\/miastone\/wp-json\/wp\/v2\/pages"}],"about":[{"href":"https:\/\/meeli.planet.ee\/miastone\/wp-json\/wp\/v2\/types\/page"}],"author":[{"embeddable":true,"href":"https:\/\/meeli.planet.ee\/miastone\/wp-json\/wp\/v2\/users\/1"}],"replies":[{"embeddable":true,"href":"https:\/\/meeli.planet.ee\/miastone\/wp-json\/wp\/v2\/comments?post=122"}],"version-history":[{"count":2,"href":"https:\/\/meeli.planet.ee\/miastone\/wp-json\/wp\/v2\/pages\/122\/revisions"}],"predecessor-version":[{"id":144,"href":"https:\/\/meeli.planet.ee\/miastone\/wp-json\/wp\/v2\/pages\/122\/revisions\/144"}],"wp:attachment":[{"href":"https:\/\/meeli.planet.ee\/miastone\/wp-json\/wp\/v2\/media?parent=122"}],"curies":[{"name":"wp","href":"https:\/\/api.w.org\/{rel}","templated":true}]}}